{"id":122,"date":"2018-01-12T16:32:33","date_gmt":"2018-01-12T16:32:33","guid":{"rendered":"http:\/\/www.casadesanmartin.com\/web\/habitaciones\/"},"modified":"2022-03-15T16:14:23","modified_gmt":"2022-03-15T15:14:23","slug":"habitaciones","status":"publish","type":"page","link":"https:\/\/casadesanmartin.com\/en\/habitaciones\/","title":{"rendered":"Rooms"},"content":{"rendered":"<p>[et_pb_section fb_built=&#8221;1&#8243; fullwidth=&#8221;on&#8221; _builder_version=&#8221;3.22&#8243; global_colors_info=&#8221;{}&#8221;][et_pb_fullwidth_slider _builder_version=&#8221;3.16&#8243; box_shadow_style=&#8221;preset6&#8243; box_shadow_blur=&#8221;10px&#8221; box_shadow_color=&#8221;rgba(0,0,0,0.1)&#8221; show_inner_shadow=&#8221;on&#8221; global_colors_info=&#8221;{}&#8221; button_text_size__hover_enabled=&#8221;off&#8221; button_one_text_size__hover_enabled=&#8221;off&#8221; button_two_text_size__hover_enabled=&#8221;off&#8221; button_text_color__hover_enabled=&#8221;off&#8221; button_one_text_color__hover_enabled=&#8221;off&#8221; button_two_text_color__hover_enabled=&#8221;off&#8221; button_border_width__hover_enabled=&#8221;off&#8221; button_one_border_width__hover_enabled=&#8221;off&#8221; button_two_border_width__hover_enabled=&#8221;off&#8221; button_border_color__hover_enabled=&#8221;off&#8221; button_one_border_color__hover_enabled=&#8221;off&#8221; button_two_border_color__hover_enabled=&#8221;off&#8221; button_border_radius__hover_enabled=&#8221;off&#8221; button_one_border_radius__hover_enabled=&#8221;off&#8221; button_two_border_radius__hover_enabled=&#8221;off&#8221; button_letter_spacing__hover_enabled=&#8221;off&#8221; button_one_letter_spacing__hover_enabled=&#8221;off&#8221; button_two_letter_spacing__hover_enabled=&#8221;off&#8221; button_bg_color__hover_enabled=&#8221;off&#8221; button_one_bg_color__hover_enabled=&#8221;off&#8221; button_two_bg_color__hover_enabled=&#8221;off&#8221;][et_pb_slide heading=&#8221;Habitaciones Hotel Casa de San Mart\u00edn&#8221; use_bg_overlay=&#8221;off&#8221; use_text_overlay=&#8221;off&#8221; _builder_version=&#8221;3.16&#8243; background_color=&#8221;#ffffff&#8221; background_image=&#8221;https:\/\/casadesanmartin.com\/wp-content\/uploads\/2018\/01\/f000010.jpg&#8221; global_colors_info=&#8221;{}&#8221; button_text_size__hover_enabled=&#8221;off&#8221; button_one_text_size__hover_enabled=&#8221;off&#8221; button_two_text_size__hover_enabled=&#8221;off&#8221; button_text_color__hover_enabled=&#8221;off&#8221; button_one_text_color__hover_enabled=&#8221;off&#8221; button_two_text_color__hover_enabled=&#8221;off&#8221; button_border_width__hover_enabled=&#8221;off&#8221; button_one_border_width__hover_enabled=&#8221;off&#8221; button_two_border_width__hover_enabled=&#8221;off&#8221; button_border_color__hover_enabled=&#8221;off&#8221; button_one_border_color__hover_enabled=&#8221;off&#8221; button_two_border_color__hover_enabled=&#8221;off&#8221; button_border_radius__hover_enabled=&#8221;off&#8221; button_one_border_radius__hover_enabled=&#8221;off&#8221; button_two_border_radius__hover_enabled=&#8221;off&#8221; button_letter_spacing__hover_enabled=&#8221;off&#8221; button_one_letter_spacing__hover_enabled=&#8221;off&#8221; button_two_letter_spacing__hover_enabled=&#8221;off&#8221; button_bg_color__hover_enabled=&#8221;off&#8221; button_one_bg_color__hover_enabled=&#8221;off&#8221; button_two_bg_color__hover_enabled=&#8221;off&#8221; sticky_transition=&#8221;on&#8221;][\/et_pb_slide][\/et_pb_fullwidth_slider][\/et_pb_section][et_pb_section fb_built=&#8221;1&#8243; _builder_version=&#8221;3.22&#8243; global_colors_info=&#8221;{}&#8221;][et_pb_row _builder_version=&#8221;3.25&#8243; background_size=&#8221;initial&#8221; background_position=&#8221;top_left&#8221; background_repeat=&#8221;repeat&#8221; global_colors_info=&#8221;{}&#8221;][et_pb_column type=&#8221;4_4&#8243; _builder_version=&#8221;3.25&#8243; custom_padding=&#8221;|||&#8221; global_colors_info=&#8221;{}&#8221; custom_padding__hover=&#8221;|||&#8221;][et_pb_text _builder_version=&#8221;3.27.4&#8243; global_colors_info=&#8221;{}&#8221;]<\/p>\n<h1><strong>Views across the valley<\/strong>Rooms<\/h1>\n<p>Casa de San Martin offers the choice of nine rooms, each bearing the name of a flower, and each with its own unique character. The comfortable beds and luxurious fabrics create a homely and rustic atmosphere. The contrasting colour schema of each room is distinctive and vibrant, but complements the natural stone floors and carefully restored woodwork to create a warm and inviting place in which to achieve the ultimate experience in relaxation and comfort.<\/p>\n<p>The bathrooms contribute to the unique character of San Martin. Each has a differnt aspect, but all rooms enjoy natural light and impressive views, either of the valley below or the mountains above.<\/p>\n<p>The differences between our rooms:<\/p>\n<ul>\n<li><strong>Single Room \u2013<\/strong>\u00a0Double Junior Room used for one person.<\/li>\n<li><strong>Double Junior Room \u2013<\/strong>\u00a0Rooms measuring aprox 20m2 with a bathroom en suite.<br \/>A very confortable double bed (150&#215;200). Views to the mountains.<\/li>\n<li><strong>Double Superior Room \u2013<\/strong>\u00a0Rooms measuring aprox 30m2 with a bathroom en suite.<br \/>A very confortable Super King size bed (180 x 200). Views across the valley<\/li>\n<\/ul>\n<p>Double Special room- a room of 32m2 suitable for guests with reduced mobility, with large shower suitable for wheel-chair users, with double bed (150 x 200), and views to the west and north<\/p>\n<p>&nbsp;<\/p>\n<p>&nbsp;<\/p>\n<div class=\"foogallery foogallery-container foogallery-default foogallery-lightbox-foobox fg-gutter-5 fg-left fg-default fg-light fg-border-thin fg-shadow-outline fg-loading-default fg-loaded-fade-in fg-caption-hover fg-hover-fade fg-hover-zoom fg-ready fbx-instance\" id=\"foogallery-gallery-252\" data-foogallery=\"{&quot;item&quot;:{&quot;showCaptionTitle&quot;:true,&quot;showCaptionDescription&quot;:true},&quot;lazy&quot;:true}\">\n<div class=\"fg-item fg-type-image fg-loaded\">\n<figure class=\"fg-item-inner\"><a href=\"https:\/\/casadesanmartin.com\/wp-content\/uploads\/2018\/01\/slide_hab-004.jpg\" data-attachment-id=\"117\" class=\"fg-thumb fbx-link\"><span class=\"fg-image-wrap\"><img decoding=\"async\" loading=\"lazy\" width=\"240\" height=\"200\" class=\"skip-lazy fg-image\" data-src-fg=\"https:\/\/casadesanmartin.com\/wp-content\/uploads\/cache\/2018\/01\/slide_hab-004\/2796610114.jpg\" src=\"https:\/\/casadesanmartin.com\/wp-content\/uploads\/cache\/2018\/01\/slide_hab-004\/2796610114.jpg\" \/><\/span><span class=\"fg-image-overlay\"><\/span><\/a><\/p>\n<p>&nbsp;<\/p>\n<p>&nbsp;<\/p><figcaption class=\"fg-caption\">\n<div class=\"fg-caption-inner\"><\/div>\n<\/figcaption><\/figure>\n<div class=\"fg-loader\"><\/div>\n<\/div>\n<div class=\"fg-item fg-type-image fg-loaded\">\n<figure class=\"fg-item-inner\"><a href=\"https:\/\/casadesanmartin.com\/wp-content\/uploads\/2018\/01\/slide_hab-006.jpg\" data-attachment-id=\"119\" class=\"fg-thumb fbx-link\"><span class=\"fg-image-wrap\"><img decoding=\"async\" loading=\"lazy\" width=\"240\" height=\"200\" class=\"skip-lazy fg-image\" data-src-fg=\"https:\/\/casadesanmartin.com\/wp-content\/uploads\/cache\/2018\/01\/slide_hab-006\/1567329329.jpg\" src=\"https:\/\/casadesanmartin.com\/wp-content\/uploads\/cache\/2018\/01\/slide_hab-006\/1567329329.jpg\" \/><\/span><span class=\"fg-image-overlay\"><\/span><\/a><\/p>\n<p>&nbsp;<\/p>\n<p>&nbsp;<\/p><figcaption class=\"fg-caption\">\n<div class=\"fg-caption-inner\"><\/div>\n<\/figcaption><\/figure>\n<div class=\"fg-loader\"><\/div>\n<\/div>\n<div class=\"fg-item fg-type-image fg-loaded\">\n<figure class=\"fg-item-inner\"><a href=\"https:\/\/casadesanmartin.com\/wp-content\/uploads\/2018\/01\/slide_hab-005.jpg\" data-attachment-id=\"118\" class=\"fg-thumb fbx-link\"><span class=\"fg-image-wrap\"><img decoding=\"async\" loading=\"lazy\" width=\"240\" height=\"200\" class=\"skip-lazy fg-image\" data-src-fg=\"https:\/\/casadesanmartin.com\/wp-content\/uploads\/cache\/2018\/01\/slide_hab-005\/60634238.jpg\" src=\"https:\/\/casadesanmartin.com\/wp-content\/uploads\/cache\/2018\/01\/slide_hab-005\/60634238.jpg\" \/><\/span><span class=\"fg-image-overlay\"><\/span><\/a><\/p>\n<p>&nbsp;<\/p>\n<p>&nbsp;<\/p><figcaption class=\"fg-caption\">\n<div class=\"fg-caption-inner\"><\/div>\n<\/figcaption><\/figure>\n<div class=\"fg-loader\"><\/div>\n<\/div>\n<div class=\"fg-item fg-type-image fg-loaded\">\n<figure class=\"fg-item-inner\"><a href=\"https:\/\/casadesanmartin.com\/wp-content\/uploads\/2018\/01\/slide_hab-003.jpg\" data-attachment-id=\"116\" class=\"fg-thumb fbx-link\"><span class=\"fg-image-wrap\"><img decoding=\"async\" loading=\"lazy\" width=\"240\" height=\"200\" class=\"skip-lazy fg-image\" data-src-fg=\"https:\/\/casadesanmartin.com\/wp-content\/uploads\/cache\/2018\/01\/slide_hab-003\/2081182967.jpg\" src=\"https:\/\/casadesanmartin.com\/wp-content\/uploads\/cache\/2018\/01\/slide_hab-003\/2081182967.jpg\" \/><\/span><span class=\"fg-image-overlay\"><\/span><\/a><\/p>\n<p>&nbsp;<\/p>\n<p>&nbsp;<\/p><figcaption class=\"fg-caption\">\n<div class=\"fg-caption-inner\"><\/div>\n<\/figcaption><\/figure>\n<div class=\"fg-loader\"><\/div>\n<\/div>\n<div class=\"fg-item fg-type-image fg-loaded\">\n<figure class=\"fg-item-inner\"><a href=\"https:\/\/casadesanmartin.com\/wp-content\/uploads\/2018\/01\/slide_hab-002.jpg\" data-attachment-id=\"115\" class=\"fg-thumb fbx-link\"><span class=\"fg-image-wrap\"><img decoding=\"async\" loading=\"lazy\" width=\"240\" height=\"200\" class=\"skip-lazy fg-image\" data-src-fg=\"https:\/\/casadesanmartin.com\/wp-content\/uploads\/cache\/2018\/01\/slide_hab-002\/459117276.jpg\" src=\"https:\/\/casadesanmartin.com\/wp-content\/uploads\/cache\/2018\/01\/slide_hab-002\/459117276.jpg\" \/><\/span><span class=\"fg-image-overlay\"><\/span><\/a><\/p>\n<p>&nbsp;<\/p>\n<p>&nbsp;<\/p><figcaption class=\"fg-caption\">\n<div class=\"fg-caption-inner\"><\/div>\n<\/figcaption><\/figure>\n<div class=\"fg-loader\"><\/div>\n<\/div>\n<div class=\"fg-item fg-type-image fg-loaded\">\n<figure class=\"fg-item-inner\"><a href=\"https:\/\/casadesanmartin.com\/wp-content\/uploads\/2018\/01\/slide_hab-001.jpg\" data-attachment-id=\"114\" class=\"fg-thumb fbx-link\"><span class=\"fg-image-wrap\"><img decoding=\"async\" loading=\"lazy\" width=\"240\" height=\"200\" class=\"skip-lazy fg-image\" data-src-fg=\"https:\/\/casadesanmartin.com\/wp-content\/uploads\/cache\/2018\/01\/slide_hab-001\/1168845459.jpg\" src=\"https:\/\/casadesanmartin.com\/wp-content\/uploads\/cache\/2018\/01\/slide_hab-001\/1168845459.jpg\" \/><\/span><span class=\"fg-image-overlay\"><\/span><\/a><\/p>\n<p>&nbsp;<\/p>\n<p>&nbsp;<\/p><figcaption class=\"fg-caption\">\n<div class=\"fg-caption-inner\"><\/div>\n<\/figcaption><\/figure>\n<div class=\"fg-loader\"><\/div>\n<\/div>\n<\/div>\n<p>&nbsp;<\/p>\n<p>[\/et_pb_text][\/et_pb_column][\/et_pb_row][\/et_pb_section]<\/p>\n","protected":false},"excerpt":{"rendered":"<p>Views across the valleyRooms Casa de San Martin offers the choice of nine rooms, each bearing the name of a flower, and each with its own unique character. The comfortable beds and luxurious fabrics create a homely and rustic atmosphere. The contrasting colour schema of each room is distinctive and vibrant, but complements the natural [&hellip;]<\/p>\n","protected":false},"author":1,"featured_media":0,"parent":0,"menu_order":0,"comment_status":"closed","ping_status":"closed","template":"","meta":{"_et_pb_use_builder":"on","_et_pb_old_content":"<p>Diez habitaciones, bautizada cada una con el nombre de una flor, de comod\u00edsimas camas, suaves edredones envueltos en fundas n\u00f3rdicas de puro algod\u00f3n egipcio mercerizado e impresionantes vistas al valle. De decoraci\u00f3n r\u00fastica y muy acogedora... En las paredes, colores c\u00e1lidos que combinan a la perfecci\u00f3n con la piedra y la madera ya existentes...<br \/> Los ba\u00f1os resultan sorprendentemente espaciosos, gozan de luz natural y magn\u00edficas vistas... Baldosas de barro, piedra y madera componen esta estancia como un lugar de confort y relax.<br \/> Nuestras habitaciones se diferencian de la siguiente forma:<\/p><p><strong>Habitaci\u00f3n Doble uso Individual -<\/strong> Habitaciones de tipo Junior utilizadas para una persona.<br \/> <strong>Habitaci\u00f3n Doble Junior -<\/strong> Habitaciones de aprox 20m2 en su totalidad con cuarto de ba\u00f1o completo.<br \/> Cama de matrimonio de 150x200 muy confortable. Vistas a las monta\u00f1as.<br \/> <strong>Habitaci\u00f3n Doble Superior -<\/strong> Habitaciones de aprox 30m2 en su totalidad con cuarto de ba\u00f1o completo.<br \/> Cama de matrimonio \"King Size\" muy confortable. Vistas a la monta\u00f1a y valle.<\/p>","_et_gb_content_width":"","footnotes":""},"class_list":["post-122","page","type-page","status-publish","hentry"],"_links":{"self":[{"href":"https:\/\/casadesanmartin.com\/en\/wp-json\/wp\/v2\/pages\/122","targetHints":{"allow":["GET"]}}],"collection":[{"href":"https:\/\/casadesanmartin.com\/en\/wp-json\/wp\/v2\/pages"}],"about":[{"href":"https:\/\/casadesanmartin.com\/en\/wp-json\/wp\/v2\/types\/page"}],"author":[{"embeddable":true,"href":"https:\/\/casadesanmartin.com\/en\/wp-json\/wp\/v2\/users\/1"}],"replies":[{"embeddable":true,"href":"https:\/\/casadesanmartin.com\/en\/wp-json\/wp\/v2\/comments?post=122"}],"version-history":[{"count":0,"href":"https:\/\/casadesanmartin.com\/en\/wp-json\/wp\/v2\/pages\/122\/revisions"}],"wp:attachment":[{"href":"https:\/\/casadesanmartin.com\/en\/wp-json\/wp\/v2\/media?parent=122"}],"curies":[{"name":"wp","href":"https:\/\/api.w.org\/{rel}","templated":true}]}}