{"id":140,"date":"2018-01-12T16:19:18","date_gmt":"2018-01-12T16:19:18","guid":{"rendered":"http:\/\/www.casadesanmartin.com\/web\/hotel\/"},"modified":"2021-05-19T08:24:01","modified_gmt":"2021-05-19T08:24:01","slug":"hotel","status":"publish","type":"page","link":"https:\/\/casadesanmartin.com\/en\/hotel\/","title":{"rendered":"Hotel"},"content":{"rendered":"<p>[et_pb_section fb_built=&#8221;1&#8243; fullwidth=&#8221;on&#8221; _builder_version=&#8221;3.22&#8243;][et_pb_fullwidth_slider _builder_version=&#8221;3.16&#8243; box_shadow_style=&#8221;preset6&#8243; box_shadow_blur=&#8221;10px&#8221; box_shadow_color=&#8221;rgba(0,0,0,0.1)&#8221; show_inner_shadow=&#8221;on&#8221; button_text_size__hover_enabled=&#8221;off&#8221; button_one_text_size__hover_enabled=&#8221;off&#8221; button_two_text_size__hover_enabled=&#8221;off&#8221; button_text_color__hover_enabled=&#8221;off&#8221; button_one_text_color__hover_enabled=&#8221;off&#8221; button_two_text_color__hover_enabled=&#8221;off&#8221; button_border_width__hover_enabled=&#8221;off&#8221; button_one_border_width__hover_enabled=&#8221;off&#8221; button_two_border_width__hover_enabled=&#8221;off&#8221; button_border_color__hover_enabled=&#8221;off&#8221; button_one_border_color__hover_enabled=&#8221;off&#8221; button_two_border_color__hover_enabled=&#8221;off&#8221; button_border_radius__hover_enabled=&#8221;off&#8221; button_one_border_radius__hover_enabled=&#8221;off&#8221; button_two_border_radius__hover_enabled=&#8221;off&#8221; button_letter_spacing__hover_enabled=&#8221;off&#8221; button_one_letter_spacing__hover_enabled=&#8221;off&#8221; button_two_letter_spacing__hover_enabled=&#8221;off&#8221; button_bg_color__hover_enabled=&#8221;off&#8221; button_one_bg_color__hover_enabled=&#8221;off&#8221; button_two_bg_color__hover_enabled=&#8221;off&#8221;][et_pb_slide heading=&#8221;El Hotel Casa de San Mart\u00edn&#8221; use_bg_overlay=&#8221;off&#8221; use_text_overlay=&#8221;off&#8221; _builder_version=&#8221;3.16&#8243; background_color=&#8221;#ffffff&#8221; background_image=&#8221;https:\/\/casadesanmartin.com\/wp-content\/uploads\/2018\/01\/PI194955.jpg&#8221; sticky_transition=&#8221;on&#8221; button_text_size__hover_enabled=&#8221;off&#8221; button_one_text_size__hover_enabled=&#8221;off&#8221; button_two_text_size__hover_enabled=&#8221;off&#8221; button_text_color__hover_enabled=&#8221;off&#8221; button_one_text_color__hover_enabled=&#8221;off&#8221; button_two_text_color__hover_enabled=&#8221;off&#8221; button_border_width__hover_enabled=&#8221;off&#8221; button_one_border_width__hover_enabled=&#8221;off&#8221; button_two_border_width__hover_enabled=&#8221;off&#8221; button_border_color__hover_enabled=&#8221;off&#8221; button_one_border_color__hover_enabled=&#8221;off&#8221; button_two_border_color__hover_enabled=&#8221;off&#8221; button_border_radius__hover_enabled=&#8221;off&#8221; button_one_border_radius__hover_enabled=&#8221;off&#8221; button_two_border_radius__hover_enabled=&#8221;off&#8221; button_letter_spacing__hover_enabled=&#8221;off&#8221; button_one_letter_spacing__hover_enabled=&#8221;off&#8221; button_two_letter_spacing__hover_enabled=&#8221;off&#8221; button_bg_color__hover_enabled=&#8221;off&#8221; button_one_bg_color__hover_enabled=&#8221;off&#8221; button_two_bg_color__hover_enabled=&#8221;off&#8221;][\/et_pb_slide][\/et_pb_fullwidth_slider][\/et_pb_section][et_pb_section fb_built=&#8221;1&#8243; _builder_version=&#8221;3.22&#8243;][et_pb_row _builder_version=&#8221;3.25&#8243; background_size=&#8221;initial&#8221; background_position=&#8221;top_left&#8221; background_repeat=&#8221;repeat&#8221;][et_pb_column type=&#8221;4_4&#8243; _builder_version=&#8221;3.25&#8243; custom_padding=&#8221;|||&#8221; custom_padding__hover=&#8221;|||&#8221;][et_pb_text _builder_version=&#8221;3.27.4&#8243;]<\/p>\n<h1>Hotel<\/h1>\n<p>We take pleasure in treating every one of our guests as special, and our attention to detail around our home is intended to create an experience for all of the senses\u2026<\/p>\n<p>\u2026in the soft music and subtle aromas that permeate the entire house.<\/p>\n<p>\u2026in the floral arrangements, the rich fabrics and furnishings\u2026<\/p>\n<p>\u2026the books, the photographs, and the pictures that adorn our walls, capturing the history of this unique house and allowing a glimpse into the past\u2026..the people\u2026.the events\u2026the history that has shaped Casa San Martin into the place it is today.<\/p>\n<p>\u2026and at night, every corner of the house is magically lit with candles whilst outside the panoramic vista of twinkling stars provides one of the most tranquil sights that nature can offer.<\/p>\n<p><style type=\"text\/css\">\n#foogallery-gallery-246 .fg-image { width: 240px; }\n#foogallery-gallery-246 { --fg-gutter: 5px; }<\/style>\n\t\t\t<div class=\"foogallery foogallery-container foogallery-default foogallery-lightbox-foobox fg-left fg-default fg-ready fg-light fg-border-thin fg-shadow-outline fg-loading-default fg-loaded-fade-in fg-caption-hover fg-hover-fade fg-hover-zoom\" id=\"foogallery-gallery-246\" data-foogallery=\"{&quot;item&quot;:{&quot;showCaptionTitle&quot;:true,&quot;showCaptionDescription&quot;:true},&quot;lazy&quot;:true}\" style=\"--fg-title-line-clamp: 0; --fg-description-line-clamp: 0;\" >\n\t<div class=\"fg-item fg-type-image fg-idle\"><figure class=\"fg-item-inner\"><a href=\"https:\/\/casadesanmartin.com\/wp-content\/uploads\/2018\/01\/slide_hotel-001.jpg\" data-attachment-id=\"1262\" data-type=\"image\" class=\"fg-thumb\"><span class=\"fg-image-wrap\"><img decoding=\"async\" width=\"240\" height=\"200\" class=\"skip-lazy fg-image\" data-src-fg=\"https:\/\/casadesanmartin.com\/wp-content\/uploads\/cache\/2018\/01\/slide_hotel-001\/2316033733.jpg\" src=\"data:image\/svg+xml,%3Csvg%20xmlns%3D%22http%3A%2F%2Fwww.w3.org%2F2000%2Fsvg%22%20width%3D%22240%22%20height%3D%22200%22%20viewBox%3D%220%200%20240%20200%22%3E%3C%2Fsvg%3E\" loading=\"eager\"><\/span><span class=\"fg-image-overlay\"><\/span><\/a><\/figure><div class=\"fg-loader\"><\/div><\/div><div class=\"fg-item fg-type-image fg-idle\"><figure class=\"fg-item-inner\"><a href=\"https:\/\/casadesanmartin.com\/wp-content\/uploads\/2018\/01\/slide_hotel-002.jpg\" data-attachment-id=\"1263\" data-type=\"image\" class=\"fg-thumb\"><span class=\"fg-image-wrap\"><img decoding=\"async\" width=\"240\" height=\"200\" class=\"skip-lazy fg-image\" data-src-fg=\"https:\/\/casadesanmartin.com\/wp-content\/uploads\/cache\/2018\/01\/slide_hotel-002\/1575507111.jpg\" src=\"data:image\/svg+xml,%3Csvg%20xmlns%3D%22http%3A%2F%2Fwww.w3.org%2F2000%2Fsvg%22%20width%3D%22240%22%20height%3D%22200%22%20viewBox%3D%220%200%20240%20200%22%3E%3C%2Fsvg%3E\" loading=\"eager\"><\/span><span class=\"fg-image-overlay\"><\/span><\/a><\/figure><div class=\"fg-loader\"><\/div><\/div><div class=\"fg-item fg-type-image fg-idle\"><figure class=\"fg-item-inner\"><a href=\"https:\/\/casadesanmartin.com\/wp-content\/uploads\/2018\/01\/slide_hotel-003.jpg\" data-attachment-id=\"1264\" data-type=\"image\" class=\"fg-thumb\"><span class=\"fg-image-wrap\"><img decoding=\"async\" width=\"240\" height=\"200\" class=\"skip-lazy fg-image\" data-src-fg=\"https:\/\/casadesanmartin.com\/wp-content\/uploads\/cache\/2018\/01\/slide_hotel-003\/3291804415.jpg\" src=\"data:image\/svg+xml,%3Csvg%20xmlns%3D%22http%3A%2F%2Fwww.w3.org%2F2000%2Fsvg%22%20width%3D%22240%22%20height%3D%22200%22%20viewBox%3D%220%200%20240%20200%22%3E%3C%2Fsvg%3E\" loading=\"eager\"><\/span><span class=\"fg-image-overlay\"><\/span><\/a><\/figure><div class=\"fg-loader\"><\/div><\/div><div class=\"fg-item fg-type-image fg-idle\"><figure class=\"fg-item-inner\"><a href=\"https:\/\/casadesanmartin.com\/wp-content\/uploads\/2018\/01\/slide_hotel-004.jpg\" data-attachment-id=\"1265\" data-type=\"image\" class=\"fg-thumb\"><span class=\"fg-image-wrap\"><img decoding=\"async\" width=\"240\" height=\"200\" class=\"skip-lazy fg-image\" data-src-fg=\"https:\/\/casadesanmartin.com\/wp-content\/uploads\/cache\/2018\/01\/slide_hotel-004\/2543679079.jpg\" src=\"data:image\/svg+xml,%3Csvg%20xmlns%3D%22http%3A%2F%2Fwww.w3.org%2F2000%2Fsvg%22%20width%3D%22240%22%20height%3D%22200%22%20viewBox%3D%220%200%20240%20200%22%3E%3C%2Fsvg%3E\" loading=\"eager\"><\/span><span class=\"fg-image-overlay\"><\/span><\/a><\/figure><div class=\"fg-loader\"><\/div><\/div><div class=\"fg-item fg-type-image fg-idle\"><figure class=\"fg-item-inner\"><a href=\"https:\/\/casadesanmartin.com\/wp-content\/uploads\/2018\/01\/slide_hotel-005.jpg\" data-attachment-id=\"1266\" data-type=\"image\" class=\"fg-thumb\"><span class=\"fg-image-wrap\"><img decoding=\"async\" width=\"240\" height=\"200\" class=\"skip-lazy fg-image\" data-src-fg=\"https:\/\/casadesanmartin.com\/wp-content\/uploads\/cache\/2018\/01\/slide_hotel-005\/2961367162.jpg\" src=\"data:image\/svg+xml,%3Csvg%20xmlns%3D%22http%3A%2F%2Fwww.w3.org%2F2000%2Fsvg%22%20width%3D%22240%22%20height%3D%22200%22%20viewBox%3D%220%200%20240%20200%22%3E%3C%2Fsvg%3E\" loading=\"eager\"><\/span><span class=\"fg-image-overlay\"><\/span><\/a><\/figure><div class=\"fg-loader\"><\/div><\/div><div class=\"fg-item fg-type-image fg-idle\"><figure class=\"fg-item-inner\"><a href=\"https:\/\/casadesanmartin.com\/wp-content\/uploads\/2018\/01\/slide_hotel-006.jpg\" data-attachment-id=\"1267\" data-type=\"image\" class=\"fg-thumb\"><span class=\"fg-image-wrap\"><img decoding=\"async\" width=\"240\" height=\"200\" class=\"skip-lazy fg-image\" data-src-fg=\"https:\/\/casadesanmartin.com\/wp-content\/uploads\/cache\/2018\/01\/slide_hotel-006\/1734437400.jpg\" src=\"data:image\/svg+xml,%3Csvg%20xmlns%3D%22http%3A%2F%2Fwww.w3.org%2F2000%2Fsvg%22%20width%3D%22240%22%20height%3D%22200%22%20viewBox%3D%220%200%20240%20200%22%3E%3C%2Fsvg%3E\" loading=\"eager\"><\/span><span class=\"fg-image-overlay\"><\/span><\/a><\/figure><div class=\"fg-loader\"><\/div><\/div><div class=\"fg-item fg-type-image fg-idle\"><figure class=\"fg-item-inner\"><a href=\"https:\/\/casadesanmartin.com\/wp-content\/uploads\/2018\/01\/slide_hotel-007.jpg\" data-attachment-id=\"1268\" data-type=\"image\" class=\"fg-thumb\"><span class=\"fg-image-wrap\"><img decoding=\"async\" width=\"240\" height=\"200\" class=\"skip-lazy fg-image\" data-src-fg=\"https:\/\/casadesanmartin.com\/wp-content\/uploads\/cache\/2018\/01\/slide_hotel-007\/1481288331.jpg\" src=\"data:image\/svg+xml,%3Csvg%20xmlns%3D%22http%3A%2F%2Fwww.w3.org%2F2000%2Fsvg%22%20width%3D%22240%22%20height%3D%22200%22%20viewBox%3D%220%200%20240%20200%22%3E%3C%2Fsvg%3E\" loading=\"eager\"><\/span><span class=\"fg-image-overlay\"><\/span><\/a><\/figure><div class=\"fg-loader\"><\/div><\/div><div class=\"fg-item fg-type-image fg-idle\"><figure class=\"fg-item-inner\"><a href=\"https:\/\/casadesanmartin.com\/wp-content\/uploads\/2018\/01\/slide_hotel-008.jpg\" data-attachment-id=\"1269\" data-type=\"image\" class=\"fg-thumb\"><span class=\"fg-image-wrap\"><img decoding=\"async\" width=\"240\" height=\"200\" class=\"skip-lazy fg-image\" data-src-fg=\"https:\/\/casadesanmartin.com\/wp-content\/uploads\/cache\/2018\/01\/slide_hotel-008\/3624285606.jpg\" src=\"data:image\/svg+xml,%3Csvg%20xmlns%3D%22http%3A%2F%2Fwww.w3.org%2F2000%2Fsvg%22%20width%3D%22240%22%20height%3D%22200%22%20viewBox%3D%220%200%20240%20200%22%3E%3C%2Fsvg%3E\" loading=\"eager\"><\/span><span class=\"fg-image-overlay\"><\/span><\/a><\/figure><div class=\"fg-loader\"><\/div><\/div><div class=\"fg-item fg-type-image fg-idle\"><figure class=\"fg-item-inner\"><a href=\"https:\/\/casadesanmartin.com\/wp-content\/uploads\/2018\/01\/slide_hotel-009.jpg\" data-attachment-id=\"1270\" data-type=\"image\" class=\"fg-thumb\"><span class=\"fg-image-wrap\"><img decoding=\"async\" width=\"240\" height=\"200\" class=\"skip-lazy fg-image\" data-src-fg=\"https:\/\/casadesanmartin.com\/wp-content\/uploads\/cache\/2018\/01\/slide_hotel-009\/1909522761.jpg\" src=\"data:image\/svg+xml,%3Csvg%20xmlns%3D%22http%3A%2F%2Fwww.w3.org%2F2000%2Fsvg%22%20width%3D%22240%22%20height%3D%22200%22%20viewBox%3D%220%200%20240%20200%22%3E%3C%2Fsvg%3E\" loading=\"eager\"><\/span><span class=\"fg-image-overlay\"><\/span><\/a><\/figure><div class=\"fg-loader\"><\/div><\/div><div class=\"fg-item fg-type-image fg-idle\"><figure class=\"fg-item-inner\"><a href=\"https:\/\/casadesanmartin.com\/wp-content\/uploads\/2018\/01\/slide_hotel-010.jpg\" data-attachment-id=\"1271\" data-type=\"image\" class=\"fg-thumb\"><span class=\"fg-image-wrap\"><img decoding=\"async\" width=\"240\" height=\"200\" class=\"skip-lazy fg-image\" data-src-fg=\"https:\/\/casadesanmartin.com\/wp-content\/uploads\/cache\/2018\/01\/slide_hotel-010\/545883040.jpg\" src=\"data:image\/svg+xml,%3Csvg%20xmlns%3D%22http%3A%2F%2Fwww.w3.org%2F2000%2Fsvg%22%20width%3D%22240%22%20height%3D%22200%22%20viewBox%3D%220%200%20240%20200%22%3E%3C%2Fsvg%3E\" loading=\"eager\"><\/span><span class=\"fg-image-overlay\"><\/span><\/a><\/figure><div class=\"fg-loader\"><\/div><\/div><\/div>\n<br \/>\n[\/et_pb_text][\/et_pb_column][\/et_pb_row][\/et_pb_section]<\/p>\n","protected":false},"excerpt":{"rendered":"<p>Hotel We take pleasure in treating every one of our guests as special, and our attention to detail around our home is intended to create an experience for all of the senses\u2026 \u2026in the soft music and subtle aromas that permeate the entire house. \u2026in the floral arrangements, the rich fabrics and furnishings\u2026 \u2026the books, [&hellip;]<\/p>\n","protected":false},"author":1,"featured_media":0,"parent":0,"menu_order":0,"comment_status":"closed","ping_status":"closed","template":"","meta":{"_et_pb_use_builder":"on","_et_pb_old_content":"<h1>Hotel<\/h1><p>El gusto por agradar al hu\u00e9sped se deja ver en mil y un detalles...<\/p><p>En la suave m\u00fasica y en los aromas que impregnan toda la casa, en los arreglos florales, los libros y revistas dejados en todos los rincones, las mantas de lana...<\/p><p>...Por la noche, todos los rincones de la casa se iluminan m\u00e1gicamente con cientos de velas; fuera, la b\u00f3veda celeste, llena de estrellas, ofrece el mejor de los espect\u00e1culos: el de la propia naturaleza...\"<\/p>","_et_gb_content_width":"","footnotes":""},"class_list":["post-140","page","type-page","status-publish","hentry"],"_links":{"self":[{"href":"https:\/\/casadesanmartin.com\/en\/wp-json\/wp\/v2\/pages\/140","targetHints":{"allow":["GET"]}}],"collection":[{"href":"https:\/\/casadesanmartin.com\/en\/wp-json\/wp\/v2\/pages"}],"about":[{"href":"https:\/\/casadesanmartin.com\/en\/wp-json\/wp\/v2\/types\/page"}],"author":[{"embeddable":true,"href":"https:\/\/casadesanmartin.com\/en\/wp-json\/wp\/v2\/users\/1"}],"replies":[{"embeddable":true,"href":"https:\/\/casadesanmartin.com\/en\/wp-json\/wp\/v2\/comments?post=140"}],"version-history":[{"count":0,"href":"https:\/\/casadesanmartin.com\/en\/wp-json\/wp\/v2\/pages\/140\/revisions"}],"wp:attachment":[{"href":"https:\/\/casadesanmartin.com\/en\/wp-json\/wp\/v2\/media?parent=140"}],"curies":[{"name":"wp","href":"https:\/\/api.w.org\/{rel}","templated":true}]}}