{"id":153,"date":"2018-01-12T16:40:06","date_gmt":"2018-01-12T16:40:06","guid":{"rendered":"http:\/\/www.casadesanmartin.com\/web\/situacion\/"},"modified":"2022-06-29T18:35:52","modified_gmt":"2022-06-29T16:35:52","slug":"situacion","status":"publish","type":"page","link":"https:\/\/casadesanmartin.com\/en\/situacion\/","title":{"rendered":"Situaci\u00f3n"},"content":{"rendered":"<p>[et_pb_section fb_built=&#8221;1&#8243; fullwidth=&#8221;on&#8221; _builder_version=&#8221;4.16&#8243; global_colors_info=&#8221;{}&#8221;][et_pb_fullwidth_slider _builder_version=&#8221;4.16&#8243; box_shadow_style=&#8221;preset6&#8243; box_shadow_blur=&#8221;10px&#8221; box_shadow_color=&#8221;rgba(0,0,0,0.1)&#8221; show_inner_shadow=&#8221;on&#8221; global_colors_info=&#8221;{}&#8221; button_text_size__hover_enabled=&#8221;off&#8221; button_one_text_size__hover_enabled=&#8221;off&#8221; button_two_text_size__hover_enabled=&#8221;off&#8221; button_text_color__hover_enabled=&#8221;off&#8221; button_one_text_color__hover_enabled=&#8221;off&#8221; button_two_text_color__hover_enabled=&#8221;off&#8221; button_border_width__hover_enabled=&#8221;off&#8221; button_one_border_width__hover_enabled=&#8221;off&#8221; button_two_border_width__hover_enabled=&#8221;off&#8221; button_border_color__hover_enabled=&#8221;off&#8221; button_one_border_color__hover_enabled=&#8221;off&#8221; button_two_border_color__hover_enabled=&#8221;off&#8221; button_border_radius__hover_enabled=&#8221;off&#8221; button_one_border_radius__hover_enabled=&#8221;off&#8221; button_two_border_radius__hover_enabled=&#8221;off&#8221; button_letter_spacing__hover_enabled=&#8221;off&#8221; button_one_letter_spacing__hover_enabled=&#8221;off&#8221; button_two_letter_spacing__hover_enabled=&#8221;off&#8221; button_bg_color__hover_enabled=&#8221;off&#8221; button_one_bg_color__hover_enabled=&#8221;off&#8221; button_two_bg_color__hover_enabled=&#8221;off&#8221;][et_pb_slide heading=&#8221;San Martin de la Solana, Sobrarbe, Pirineo Aragon\u00e9s&#8221; use_bg_overlay=&#8221;off&#8221; use_text_overlay=&#8221;off&#8221; _builder_version=&#8221;4.16&#8243; background_color=&#8221;#ffffff&#8221; background_image=&#8221;https:\/\/casadesanmartin.com\/wp-content\/uploads\/2018\/01\/PI194959.jpg&#8221; global_colors_info=&#8221;{}&#8221; button_text_size__hover_enabled=&#8221;off&#8221; button_one_text_size__hover_enabled=&#8221;off&#8221; button_two_text_size__hover_enabled=&#8221;off&#8221; button_text_color__hover_enabled=&#8221;off&#8221; button_one_text_color__hover_enabled=&#8221;off&#8221; button_two_text_color__hover_enabled=&#8221;off&#8221; button_border_width__hover_enabled=&#8221;off&#8221; button_one_border_width__hover_enabled=&#8221;off&#8221; button_two_border_width__hover_enabled=&#8221;off&#8221; button_border_color__hover_enabled=&#8221;off&#8221; button_one_border_color__hover_enabled=&#8221;off&#8221; button_two_border_color__hover_enabled=&#8221;off&#8221; button_border_radius__hover_enabled=&#8221;off&#8221; button_one_border_radius__hover_enabled=&#8221;off&#8221; button_two_border_radius__hover_enabled=&#8221;off&#8221; button_letter_spacing__hover_enabled=&#8221;off&#8221; button_one_letter_spacing__hover_enabled=&#8221;off&#8221; button_two_letter_spacing__hover_enabled=&#8221;off&#8221; button_bg_color__hover_enabled=&#8221;off&#8221; button_one_bg_color__hover_enabled=&#8221;off&#8221; button_two_bg_color__hover_enabled=&#8221;off&#8221; sticky_transition=&#8221;on&#8221;][\/et_pb_slide][\/et_pb_fullwidth_slider][\/et_pb_section][et_pb_section fb_built=&#8221;1&#8243; _builder_version=&#8221;4.16&#8243; global_colors_info=&#8221;{}&#8221;][et_pb_row _builder_version=&#8221;4.16&#8243; background_size=&#8221;initial&#8221; background_position=&#8221;top_left&#8221; background_repeat=&#8221;repeat&#8221; global_colors_info=&#8221;{}&#8221;][et_pb_column type=&#8221;4_4&#8243; _builder_version=&#8221;4.16&#8243; custom_padding=&#8221;|||&#8221; global_colors_info=&#8221;{}&#8221; custom_padding__hover=&#8221;|||&#8221;][et_pb_text _builder_version=&#8221;4.16&#8243; global_colors_info=&#8221;{}&#8221;]<\/p>\n<h1>Situation Casa de San Mart\u00edn<\/h1>\n<p>Casa de San Martin is situated in a privileged environment, bordered by the Ordesa National Park. Built upon a high plateau, some 890 metres above sea level, it lies in the heart of the Aragonese Pyrenees in approximately 95 hectares or beautiful stepped hillside and forest. The coniferous vegetation and abandoned villages make for spectacular views from the mountain above to the valley below.<\/p>\n<p>Access to Casa de San Martin is via a recently tarmacked\u00a0lane\u00a0that winds from the main road for approximately 5 km. through pine- and oak-forest. Leave the national main road N-260 between Km.453 and Km.454 at the sign to \u201cSan Mart\u00edn de la Solana\u201d. Once on the lane, drive for about 4 Km, when you will begin to see the stone house in the distance. Carry on for a couple of hundred meters and take the first right towards the house.<\/p>\n<p><strong>NOW SUITABLE FOR LOW SPORTS CARS AND MOTORCYCLES<\/strong><\/p>\n<p><strong>Coming from the east (Ainsa) towards the west (Fiscal), the turning to \u201cSan Mart\u00edn de la Solana\u201d is about 10km after Bolta\u00f1a.<br \/>Coming from the east (Fiscal) towards the east (Ainsa), the turning to \u201cSan Mart\u00edn de la Solana\u201d is about 10km after Fiscal.<\/strong><\/p>\n<p><strong>On arrival, please approach the main building to unload your luggage and then leave your car in the parking area. Thank you!!!<\/strong><\/p>\n<p>[\/et_pb_text][et_pb_map address=&#8221;Calle \u00danica, 1, 22371 Fiscal, Huesca, Espa\u00f1a&#8221; zoom_level=&#8221;12&#8243; address_lat=&#8221;42.490336&#8243; address_lng=&#8221;-0.009906999999998334&#8243; _builder_version=&#8221;4.17.4&#8243; hover_enabled=&#8221;0&#8243; global_colors_info=&#8221;{}&#8221; disabled_on=&#8221;on|on|on&#8221; disabled=&#8221;on&#8221; sticky_enabled=&#8221;0&#8243;][et_pb_map_pin title=&#8221;Casa de San Mart\u00edn&#8221; pin_address=&#8221;Calle \u00danica, 1, 22371 Fiscal, Huesca, Espa\u00f1a&#8221; pin_address_lat=&#8221;42.490336&#8243; pin_address_lng=&#8221;-0.009906999999998334&#8243; _builder_version=&#8221;3.0.90&#8243; global_colors_info=&#8221;{}&#8221;]Casa de San Mart\u00edn<br \/>\n[\/et_pb_map_pin][\/et_pb_map][et_pb_text _builder_version=&#8221;4.17.4&#8243; _module_preset=&#8221;default&#8221; hover_enabled=&#8221;0&#8243; sticky_enabled=&#8221;0&#8243;]<iframe src=\"https:\/\/www.google.com\/maps\/embed?pb=!1m18!1m12!1m3!1d18150.164191162534!2d-0.019844257293208812!3d42.48662998951507!2m3!1f0!2f0!3f0!3m2!1i1024!2i768!4f13.1!3m3!1m2!1s0xd58014e0a0aa357%3A0xee2c4cb9fe711871!2sHotel%20Casa%20de%20San%20Martin!5e0!3m2!1ses!2ses!4v1656520036288!5m2!1ses!2ses\" width=\"100%\" height=\"450\" style=\"border:0;\" allowfullscreen=\"\" loading=\"lazy\" referrerpolicy=\"no-referrer-when-downgrade\"><\/iframe>[\/et_pb_text][et_pb_text admin_label=&#8221;coordenadas&#8221; _builder_version=&#8221;4.16&#8243; global_colors_info=&#8221;{}&#8221;]Coord. GPS Lat. N 42\u00ba 29&#8242; 27&#8221; Long. W 0\u00ba 0&#8242; 34&#8221;<br \/>\n[\/et_pb_text][\/et_pb_column][\/et_pb_row][\/et_pb_section]<\/p>\n","protected":false},"excerpt":{"rendered":"<p>Situation Casa de San Mart\u00edn Casa de San Martin is situated in a privileged environment, bordered by the Ordesa National Park. Built upon a high plateau, some 890 metres above sea level, it lies in the heart of the Aragonese Pyrenees in approximately 95 hectares or beautiful stepped hillside and forest. The coniferous vegetation and [&hellip;]<\/p>\n","protected":false},"author":1,"featured_media":0,"parent":0,"menu_order":0,"comment_status":"closed","ping_status":"closed","template":"","meta":{"_et_pb_use_builder":"on","_et_pb_old_content":"<h1>Situaci\u00f3n Casa de San Mart\u00edn<\/h1><p>Casa de San Mart\u00edn se encuentra en un entorno privilegiado, a 890 metros de altitud, en pleno coraz\u00f3n del Pirineo Aragon\u00e9s y a las puertas del Parque Nacional de Ordesa y Monte Pedido, rodeada por una finca de 92 hect\u00e1reas, praderas y mucho bosque...<\/p><p>Para acceder a Casa de San Mart\u00edn hay que tomar el desvio a \"San Mart\u00edn de la Solana\" entre los Puntos Kilom\u00e9tricos 453 y 454 de la N 260. A partir de ahora seguiremos por la\u00a0<strong>pista forestal de tierra, no asfaltada y con tramos pedregosos<\/strong>, que serpentea monta\u00f1a arriba durante cinco kil\u00f3metros, entre bosques de pinos y robles. Despu\u00e9s de los primeros 4 kil\u00f3metros, avistaremos el caserio de piedra desde la pista y a continuaci\u00f3n cogeremos la primera entrada a la derecha que nos lleva directamente a Casa de San Mart\u00edn.<\/p><p><strong>ACCESO NO APROPIADO PARA COCHES DEPORTIVOS BAJOS O MOTOS DE CARRETERA.<\/strong><\/p><p>Si vamos desde Ainsa en direcci\u00f3n a Fiscal (Este a Oeste), el desvio a \"San Mart\u00edn de la Solana\" est\u00e1 a 10 km pasado Bolta\u00f1a.<br \/> Si vamos desde Fiscal o Sabi\u00f1anigo en direcci\u00f3n a Ainsa (Oeste a Este), el desvio a \"San Mart\u00edn de la Solana\" est\u00e1 a 10 km pasado Fiscal.<\/p><p>Acerquese con su coche hasta la casa para descargar su equipaje y a continuaci\u00f3n aparquelo en la zona reservada para ello. Muchas Gracias!!!<\/p><p>\u00a0<\/p>","_et_gb_content_width":"","footnotes":""},"class_list":["post-153","page","type-page","status-publish","hentry"],"_links":{"self":[{"href":"https:\/\/casadesanmartin.com\/en\/wp-json\/wp\/v2\/pages\/153","targetHints":{"allow":["GET"]}}],"collection":[{"href":"https:\/\/casadesanmartin.com\/en\/wp-json\/wp\/v2\/pages"}],"about":[{"href":"https:\/\/casadesanmartin.com\/en\/wp-json\/wp\/v2\/types\/page"}],"author":[{"embeddable":true,"href":"https:\/\/casadesanmartin.com\/en\/wp-json\/wp\/v2\/users\/1"}],"replies":[{"embeddable":true,"href":"https:\/\/casadesanmartin.com\/en\/wp-json\/wp\/v2\/comments?post=153"}],"version-history":[{"count":0,"href":"https:\/\/casadesanmartin.com\/en\/wp-json\/wp\/v2\/pages\/153\/revisions"}],"wp:attachment":[{"href":"https:\/\/casadesanmartin.com\/en\/wp-json\/wp\/v2\/media?parent=153"}],"curies":[{"name":"wp","href":"https:\/\/api.w.org\/{rel}","templated":true}]}}