{"id":192,"date":"2018-01-12T16:51:38","date_gmt":"2018-01-12T16:51:38","guid":{"rendered":"http:\/\/www.casadesanmartin.com\/web\/actividades\/"},"modified":"2024-02-05T13:16:39","modified_gmt":"2024-02-05T12:16:39","slug":"actividades","status":"publish","type":"page","link":"https:\/\/casadesanmartin.com\/en\/actividades\/","title":{"rendered":"Actividades"},"content":{"rendered":"<p>[et_pb_section fb_built=&#8221;1&#8243; fullwidth=&#8221;on&#8221; _builder_version=&#8221;4.16&#8243; global_colors_info=&#8221;{}&#8221;][et_pb_fullwidth_slider _builder_version=&#8221;4.16&#8243; box_shadow_style=&#8221;preset6&#8243; box_shadow_blur=&#8221;10px&#8221; box_shadow_color=&#8221;rgba(0,0,0,0.1)&#8221; show_inner_shadow=&#8221;on&#8221; global_colors_info=&#8221;{}&#8221; button_text_size__hover_enabled=&#8221;off&#8221; button_one_text_size__hover_enabled=&#8221;off&#8221; button_two_text_size__hover_enabled=&#8221;off&#8221; button_text_color__hover_enabled=&#8221;off&#8221; button_one_text_color__hover_enabled=&#8221;off&#8221; button_two_text_color__hover_enabled=&#8221;off&#8221; button_border_width__hover_enabled=&#8221;off&#8221; button_one_border_width__hover_enabled=&#8221;off&#8221; button_two_border_width__hover_enabled=&#8221;off&#8221; button_border_color__hover_enabled=&#8221;off&#8221; button_one_border_color__hover_enabled=&#8221;off&#8221; button_two_border_color__hover_enabled=&#8221;off&#8221; button_border_radius__hover_enabled=&#8221;off&#8221; button_one_border_radius__hover_enabled=&#8221;off&#8221; button_two_border_radius__hover_enabled=&#8221;off&#8221; button_letter_spacing__hover_enabled=&#8221;off&#8221; button_one_letter_spacing__hover_enabled=&#8221;off&#8221; button_two_letter_spacing__hover_enabled=&#8221;off&#8221; button_bg_color__hover_enabled=&#8221;off&#8221; button_one_bg_color__hover_enabled=&#8221;off&#8221; button_two_bg_color__hover_enabled=&#8221;off&#8221;][et_pb_slide heading=&#8221;Actividades: Monta\u00f1a, Aventura, BTT, Rutas, Excursiones&#8221; use_bg_overlay=&#8221;off&#8221; use_text_overlay=&#8221;off&#8221; _builder_version=&#8221;4.16&#8243; background_color=&#8221;#ffffff&#8221; background_image=&#8221;https:\/\/casadesanmartin.com\/wp-content\/uploads\/2018\/01\/3.jpg&#8221; global_colors_info=&#8221;{}&#8221; button_text_size__hover_enabled=&#8221;off&#8221; button_one_text_size__hover_enabled=&#8221;off&#8221; button_two_text_size__hover_enabled=&#8221;off&#8221; button_text_color__hover_enabled=&#8221;off&#8221; button_one_text_color__hover_enabled=&#8221;off&#8221; button_two_text_color__hover_enabled=&#8221;off&#8221; button_border_width__hover_enabled=&#8221;off&#8221; button_one_border_width__hover_enabled=&#8221;off&#8221; button_two_border_width__hover_enabled=&#8221;off&#8221; button_border_color__hover_enabled=&#8221;off&#8221; button_one_border_color__hover_enabled=&#8221;off&#8221; button_two_border_color__hover_enabled=&#8221;off&#8221; button_border_radius__hover_enabled=&#8221;off&#8221; button_one_border_radius__hover_enabled=&#8221;off&#8221; button_two_border_radius__hover_enabled=&#8221;off&#8221; button_letter_spacing__hover_enabled=&#8221;off&#8221; button_one_letter_spacing__hover_enabled=&#8221;off&#8221; button_two_letter_spacing__hover_enabled=&#8221;off&#8221; button_bg_color__hover_enabled=&#8221;off&#8221; button_one_bg_color__hover_enabled=&#8221;off&#8221; button_two_bg_color__hover_enabled=&#8221;off&#8221; sticky_transition=&#8221;on&#8221;][\/et_pb_slide][et_pb_slide heading=&#8221;Actividades: Monta\u00f1a, Aventura, BTT, Rutas, Excursiones&#8221; use_bg_overlay=&#8221;off&#8221; use_text_overlay=&#8221;off&#8221; _builder_version=&#8221;4.16&#8243; background_color=&#8221;#ffffff&#8221; background_image=&#8221;https:\/\/casadesanmartin.com\/wp-content\/uploads\/2018\/01\/1.jpg&#8221; global_colors_info=&#8221;{}&#8221; button_text_size__hover_enabled=&#8221;off&#8221; button_one_text_size__hover_enabled=&#8221;off&#8221; button_two_text_size__hover_enabled=&#8221;off&#8221; button_text_color__hover_enabled=&#8221;off&#8221; button_one_text_color__hover_enabled=&#8221;off&#8221; button_two_text_color__hover_enabled=&#8221;off&#8221; button_border_width__hover_enabled=&#8221;off&#8221; button_one_border_width__hover_enabled=&#8221;off&#8221; button_two_border_width__hover_enabled=&#8221;off&#8221; button_border_color__hover_enabled=&#8221;off&#8221; button_one_border_color__hover_enabled=&#8221;off&#8221; button_two_border_color__hover_enabled=&#8221;off&#8221; button_border_radius__hover_enabled=&#8221;off&#8221; button_one_border_radius__hover_enabled=&#8221;off&#8221; button_two_border_radius__hover_enabled=&#8221;off&#8221; button_letter_spacing__hover_enabled=&#8221;off&#8221; button_one_letter_spacing__hover_enabled=&#8221;off&#8221; button_two_letter_spacing__hover_enabled=&#8221;off&#8221; button_bg_color__hover_enabled=&#8221;off&#8221; button_one_bg_color__hover_enabled=&#8221;off&#8221; button_two_bg_color__hover_enabled=&#8221;off&#8221; sticky_transition=&#8221;on&#8221;][\/et_pb_slide][\/et_pb_fullwidth_slider][\/et_pb_section][et_pb_section fb_built=&#8221;1&#8243; _builder_version=&#8221;4.16&#8243; global_colors_info=&#8221;{}&#8221;][et_pb_row _builder_version=&#8221;4.16&#8243; background_size=&#8221;initial&#8221; background_position=&#8221;top_left&#8221; background_repeat=&#8221;repeat&#8221; global_colors_info=&#8221;{}&#8221;][et_pb_column type=&#8221;4_4&#8243; _builder_version=&#8221;4.16&#8243; custom_padding=&#8221;|||&#8221; global_colors_info=&#8221;{}&#8221; custom_padding__hover=&#8221;|||&#8221;][et_pb_text _builder_version=&#8221;4.16&#8243; global_colors_info=&#8221;{}&#8221;]<\/p>\n<h1>Actividades | Qu\u00e9 Visitar<\/h1>\n<p><strong>La Solana posiblemente sea la zona con m\u00e1s concentraci\u00f3n de pueblos deshabitados de Espa\u00f1a.<\/strong><\/p>\n<p>[\/et_pb_text][\/et_pb_column][\/et_pb_row][et_pb_row column_structure=&#8221;1_2,1_2&#8243; _builder_version=&#8221;4.16&#8243; background_size=&#8221;initial&#8221; background_position=&#8221;top_left&#8221; background_repeat=&#8221;repeat&#8221; global_colors_info=&#8221;{}&#8221;][et_pb_column type=&#8221;1_2&#8243; _builder_version=&#8221;4.16&#8243; custom_padding=&#8221;|||&#8221; global_colors_info=&#8221;{}&#8221; custom_padding__hover=&#8221;|||&#8221;][et_pb_text admin_label=&#8221;solana&#8221; _builder_version=&#8221;4.16&#8243; global_colors_info=&#8221;{}&#8221;]<\/p>\n<p id=\"left\"><strong>LA SOLANA<\/strong><\/p>\n<p>La Solana es, probablemente, \u00a0la zona con m\u00e1s pueblos deshabitados. Ocupa la margen izquierda del r\u00edo Ara aguas abajo de la Ribera de Fiscal, entre el r\u00edo Ara y el Valle de Vio. Hoy en d\u00eda se encuentra completamente poblada de bosque de pino que se repobl\u00f3 cuando se iba a construir el pantano de J\u00e1novas.<\/p>\n<p><img loading=\"lazy\" decoding=\"async\" class=\"alignnone wp-image-167 size-medium\" src=\"https:\/\/casadesanmartin.com\/wp-content\/uploads\/2018\/01\/solana-300x89.jpg\" alt=\"\" width=\"300\" height=\"89\" srcset=\"https:\/\/casadesanmartin.com\/wp-content\/uploads\/2018\/01\/solana-300x89.jpg 300w, https:\/\/casadesanmartin.com\/wp-content\/uploads\/2018\/01\/solana.jpg 500w\" sizes=\"(max-width: 300px) 100vw, 300px\" \/><br \/>\n[\/et_pb_text][et_pb_text admin_label=&#8221;parque nacional&#8221; _builder_version=&#8221;4.16&#8243; global_colors_info=&#8221;{}&#8221;]<\/p>\n<div class=\"\">\u00a0<strong>PARQUE NACIONAL DE ORDESA Y MONTE PERDIDO<\/strong><\/div>\n<p>El Parque Nacional de Ordesa y Monte Perdido fue el segundo creado en Espa\u00f1a, tras el de Covadonga, el 16 de agosto de 1918. En un principio s\u00f3lo englobaba al valle de Ordesa.<\/p>\n<p><img loading=\"lazy\" decoding=\"async\" class=\"alignnone wp-image-168 size-medium\" src=\"https:\/\/casadesanmartin.com\/wp-content\/uploads\/2018\/01\/visitar19-300x196.jpg\" alt=\"\" width=\"300\" height=\"196\" srcset=\"https:\/\/casadesanmartin.com\/wp-content\/uploads\/2018\/01\/visitar19-300x196.jpg 300w, https:\/\/casadesanmartin.com\/wp-content\/uploads\/2018\/01\/visitar19.jpg 388w\" sizes=\"(max-width: 300px) 100vw, 300px\" \/><br \/>\n[\/et_pb_text][et_pb_text admin_label=&#8221;castillo bolta\u00f1a&#8221; _builder_version=&#8221;4.16&#8243; global_colors_info=&#8221;{}&#8221;]<\/p>\n<p><strong>CASTILLO DE BOLTA\u00d1A<\/strong><\/p>\n<p>En lo alto de una colina, encima del pueblo, encontramos el Castillo de Bolta\u00f1a. Dice la tradici\u00f3n que \u00e9ste era un lugar d\u00f3nde se reun\u00edan habitualmente las brujas para realizar all\u00ed sus rituales y encantamientos.<\/p>\n<p><img loading=\"lazy\" decoding=\"async\" class=\"alignnone wp-image-174 size-full\" src=\"https:\/\/casadesanmartin.com\/wp-content\/uploads\/2018\/01\/visitar1.jpg\" alt=\"\" width=\"200\" height=\"150\" \/><\/p>\n<p>[\/et_pb_text][et_pb_text admin_label=&#8221;pantano caso&#8221; _builder_version=&#8221;4.16&#8243; global_colors_info=&#8221;{}&#8221;]<\/p>\n<p><strong>PANTANO DE JANOVAS<\/strong><\/p>\n<p>Los pantanos marcan la fisonom\u00eda de las comarcas del Pirineo. En esta Comarca sobre todo \u00e9l de Mediano.<br \/>Aguas abajo de \u00e9ste encontramos \u00e9l de El Grado y en la parte superior otros m\u00e1s peque\u00f1os como Laspu\u00f1a, Plandesc\u00fan, Pineta.<\/p>\n<p><img loading=\"lazy\" decoding=\"async\" class=\"alignnone wp-image-177 size-medium\" src=\"https:\/\/casadesanmartin.com\/wp-content\/uploads\/2018\/01\/visitar2-300x225.jpg\" alt=\"\" width=\"300\" height=\"225\" \/><\/p>\n<p>[\/et_pb_text][et_pb_text admin_label=&#8221;ermita en broto&#8221; _builder_version=&#8221;4.16&#8243; global_colors_info=&#8221;{}&#8221;]<strong>LA ERMITA DE MORILLO EN BROTO<\/strong><\/p>\n<p>Situada sobre Broto a 1.30h. de subida, permite disfrutar de una magnifica vista de la\u00a0entrada del Valle de Ordesa\u00a0y del Valle del Ara.<strong><br \/>\n<\/strong><\/p>\n<p><img loading=\"lazy\" decoding=\"async\" class=\"alignnone wp-image-180 size-medium\" src=\"https:\/\/casadesanmartin.com\/wp-content\/uploads\/2018\/01\/visitar4-300x225.jpg\" alt=\"\" width=\"300\" height=\"225\" srcset=\"https:\/\/casadesanmartin.com\/wp-content\/uploads\/2018\/01\/visitar4-300x225.jpg 300w, https:\/\/casadesanmartin.com\/wp-content\/uploads\/2018\/01\/visitar4.jpg 320w\" sizes=\"(max-width: 300px) 100vw, 300px\" \/><br \/>\n[\/et_pb_text][et_pb_text admin_label=&#8221;batan de lacort&#8221; _builder_version=&#8221;4.16&#8243; global_colors_info=&#8221;{}&#8221;]<\/p>\n<p><strong>EL BAT\u00c1N DE LACORT<\/strong><\/p>\n<p>Con la instalaci\u00f3n en el molino de Fiscal del Bat\u00e1n de Lacort, el ayuntamiento de Fiscal ha conseguido recuperar una de las m\u00e1s originales piezas etnogr\u00e1ficas de la cultura tradicional, ya que en estos momentos es el \u00fanico restaurado y en funcionamiento en Arag\u00f3n y uno de los pocos que quedan en todo el pa\u00eds.<\/p>\n<p><img loading=\"lazy\" decoding=\"async\" class=\"alignnone wp-image-181 size-full\" src=\"https:\/\/casadesanmartin.com\/wp-content\/uploads\/2018\/01\/visitar6.jpg\" alt=\"\" width=\"200\" height=\"133\" \/><\/p>\n<p>[\/et_pb_text][et_pb_text admin_label=&#8221;arboles&#8221; _builder_version=&#8221;4.16&#8243; global_colors_info=&#8221;{}&#8221;]<\/p>\n<p><strong>ARBOLES MONUMENTALES<\/strong><\/p>\n<p>En pocos lugares de Arag\u00f3n podremos contemplar semejante cantidad de \u00e1rboles monumentales como en el Valle de Broto (en el curso \u2026.del r\u00edo Ara), y en el Valle de La Solana con su encina milenaria (Quercus Ilex) de Villamana.<\/p>\n<p><img loading=\"lazy\" decoding=\"async\" class=\"alignnone wp-image-183 size-medium\" src=\"https:\/\/casadesanmartin.com\/wp-content\/uploads\/2018\/01\/visitar7-300x238.jpg\" alt=\"\" width=\"300\" height=\"238\" \/><\/p>\n<p>[\/et_pb_text][et_pb_text admin_label=&#8221;torre carcel broto&#8221; _builder_version=&#8221;4.16&#8243; global_colors_info=&#8221;{}&#8221;]<strong>LA TORRE DE LA CARCEL DE BROTO<\/strong><\/p>\n<p>Entre los inmuebles de Broto destaca la torre junto al hoy destruido puente, que data del siglo XVI. Se trata de una torre de planta cuadrangular, con unos cuantos vanos, saeteras y un ventanal en la planta superior.<br \/>\nEsta torre anta\u00f1o de defensa, sirvi\u00f3 de c\u00e1rcel durante varios siglos y en su interior podemos descubrir los grabados que realizaron los presos que dieron con sus huesos entre sus muros.<\/p>\n<p><img loading=\"lazy\" decoding=\"async\" class=\"alignnone wp-image-185 size-medium\" src=\"https:\/\/casadesanmartin.com\/wp-content\/uploads\/2018\/01\/visitar8-300x225.jpg\" alt=\"\" width=\"300\" height=\"225\" \/><br \/>\n[\/et_pb_text][et_pb_text admin_label=&#8221;valle bujaruelo&#8221; _builder_version=&#8221;4.16&#8243; global_colors_info=&#8221;{}&#8221;]<\/p>\n<p><strong>EL VALLE DE BUJARUELO<\/strong><\/p>\n<p>Nacimiento del r\u00edo Ara, el valle de Bujaruelo posee un largo recorrido desde las altas laderas que descienden desde el Vignegmale o Comachibosa (3298 m.) hasta las frondosidades de las zonas intermedias y bajas del valle. Este valle est\u00e1 en las inmediaciones del Parque Nacional de Ordesa y Monte Perdido, y era antiguo paso de peregrinos, viajeros y contrabandistas provenientes de Francia.<\/p>\n<p><img loading=\"lazy\" decoding=\"async\" class=\"alignnone wp-image-186 size-full\" src=\"https:\/\/casadesanmartin.com\/wp-content\/uploads\/2018\/01\/visitar9.jpg\" alt=\"\" width=\"200\" height=\"243\" \/><\/p>\n<p>&nbsp;<\/p>\n<p>[\/et_pb_text][et_pb_text admin_label=&#8221;brujas&#8221; _builder_version=&#8221;4.16&#8243; global_colors_info=&#8221;{}&#8221;]<strong>BRUJAS<\/strong><\/p>\n<p>Al parecer estamos en tierras donde hab\u00eda brujas, que vagaban de un sitio a otro realizando sus reuniones (aquelarres) en lugares como Tella, Cotiella, el Castillo de Bolta\u00f1a o Burgas\u00e9.<\/p>\n<p><img loading=\"lazy\" decoding=\"async\" class=\"alignnone wp-image-188 size-medium\" src=\"https:\/\/casadesanmartin.com\/wp-content\/uploads\/2018\/01\/visitar10-300x226.jpg\" alt=\"\" width=\"300\" height=\"226\" \/><br \/>\n[\/et_pb_text][et_pb_text _builder_version=&#8221;4.16&#8243; global_colors_info=&#8221;{}&#8221;]<strong>SENDERISMO: GR-11 SENDA PIRENAICA<\/strong><\/p>\n<p><strong>E<\/strong>s un recorrido de monta\u00f1a que requiere una m\u00ednima experiencia en este tipo de terreno, o la compa\u00f1\u00eda de una persona experta. Sin embargo, tambi\u00e9n son muchas las excursiones f\u00e1ciles que, aprovechando la se\u00f1alizaci\u00f3n del GR 11, recorren los valles sin dificultad ni peligro.<\/p>\n<p><img loading=\"lazy\" decoding=\"async\" class=\"alignnone wp-image-189 size-medium\" src=\"https:\/\/casadesanmartin.com\/wp-content\/uploads\/2018\/01\/visitar23-300x251.jpg\" alt=\"\" width=\"300\" height=\"251\" \/><br \/>\n[\/et_pb_text][\/et_pb_column][et_pb_column type=&#8221;1_2&#8243; _builder_version=&#8221;4.16&#8243; custom_padding=&#8221;|||&#8221; global_colors_info=&#8221;{}&#8221; custom_padding__hover=&#8221;|||&#8221;][et_pb_text admin_label=&#8221;chaminera&#8221; _builder_version=&#8221;4.16&#8243; global_colors_info=&#8221;{}&#8221;]<strong>CHIMENEA TRONCOCONICA (CHAMINERA)<\/strong><\/p>\n<p>Todav\u00eda se conservan en Sobrarbe numerosas chimeneas de forma troncoc\u00f3nica y troncopiramidal coronando el hogar de la cocina, pieza principal de la casa tradicional.<\/p>\n<p><img loading=\"lazy\" decoding=\"async\" class=\"alignnone wp-image-170 size-medium\" src=\"https:\/\/casadesanmartin.com\/wp-content\/uploads\/2018\/01\/visitar11-225x300.jpg\" alt=\"\" width=\"225\" height=\"300\" srcset=\"https:\/\/casadesanmartin.com\/wp-content\/uploads\/2018\/01\/visitar11-225x300.jpg 225w, https:\/\/casadesanmartin.com\/wp-content\/uploads\/2018\/01\/visitar11.jpg 480w\" sizes=\"(max-width: 225px) 100vw, 225px\" \/><br \/>\n[\/et_pb_text][et_pb_text admin_label=&#8221;margas&#8221; _builder_version=&#8221;4.16&#8243; global_colors_info=&#8221;{}&#8221;]<strong>\u201cMARGAS\u201d, EROSI\u00d3N Y VEGETACI\u00d3N<\/strong><\/p>\n<p>Las margas aparecen en la zona sur y media de la comarca.<br \/>\nSon tierras muy blandas, como si en todo el subsuelo no hubiera roca dura.<\/p>\n<p><img loading=\"lazy\" decoding=\"async\" class=\"alignnone wp-image-173 size-medium\" src=\"https:\/\/casadesanmartin.com\/wp-content\/uploads\/2018\/01\/visitar13-300x124.jpg\" alt=\"\" width=\"300\" height=\"124\" \/><\/p>\n<p>&nbsp;<\/p>\n<p>&nbsp;<br \/>\n[\/et_pb_text][et_pb_text admin_label=&#8221;tejado losa&#8221; _builder_version=&#8221;4.16&#8243; global_colors_info=&#8221;{}&#8221;]<strong>LOS TEJADOS DE LOSA Y EL \u201cFLYSCH\u201d<\/strong><\/p>\n<p>El tejado, como el resto de la casa, est\u00e1 construido por los materiales que la naturaleza ofrece en cada lugar.<\/p>\n<p><img loading=\"lazy\" decoding=\"async\" class=\"alignnone wp-image-175 size-full\" src=\"https:\/\/casadesanmartin.com\/wp-content\/uploads\/2018\/01\/visitar15.gif\" alt=\"\" width=\"256\" height=\"85\" \/><br \/>\n[\/et_pb_text][et_pb_text admin_label=&#8221;ruta de tradiciones&#8221; _builder_version=&#8221;4.16&#8243; global_colors_info=&#8221;{}&#8221;]<strong>RUTA DE TRADICIONES Y NATURALEZA<\/strong> La Ruta de Tradiciones y Naturaleza de Sobrarbe es una propuesta para conocer la cultura tradicional y el privilegiado entorno natural del territorio con una de las mayores superficies protegidas de la Uni\u00f3n Europea. El estilo de vida tradicional del Pirineo est\u00e1 en proceso de extinci\u00f3n debido a la despoblaci\u00f3n y a los cambios sociales. Poco a poco disminuyen las personas que conocieron unas costumbres que todav\u00eda perduran en la Comarca de Sobrarbe. <img loading=\"lazy\" decoding=\"async\" class=\"alignnone wp-image-178 size-medium\" src=\"https:\/\/casadesanmartin.com\/wp-content\/uploads\/2018\/01\/visitar14-238x300.jpg\" alt=\"\" width=\"238\" height=\"300\" srcset=\"https:\/\/casadesanmartin.com\/wp-content\/uploads\/2018\/01\/visitar14-238x300.jpg 238w, https:\/\/casadesanmartin.com\/wp-content\/uploads\/2018\/01\/visitar14.jpg 300w\" sizes=\"(max-width: 238px) 100vw, 238px\" \/><br \/>\n[\/et_pb_text][et_pb_text admin_label=&#8221;vida&#8221; _builder_version=&#8221;4.16&#8243; global_colors_info=&#8221;{}&#8221;]<strong>VIDA PASTORIL<\/strong><\/p>\n<p>En los pueblos de monta\u00f1a gran parte de su econom\u00eda era la ganader\u00eda, teniendo un peque\u00f1o o gran reba\u00f1o. Los animales estaban poco cerca del pueblo desde los meses de mayo a julio, y alguna temporada del oto\u00f1o. En verano llevaban los reba\u00f1os a la monta\u00f1a, empezaba en julio con una fiesta llena de ritos, donde se juntaban los hombres con sus reba\u00f1os, se contaba el ganado, se arrendaban tierras y contrataban pastores, para su vigilancia.<\/p>\n<p><img loading=\"lazy\" decoding=\"async\" class=\"alignnone wp-image-179 size-medium\" src=\"https:\/\/casadesanmartin.com\/wp-content\/uploads\/2018\/01\/visitar16-163x300.jpg\" alt=\"\" width=\"163\" height=\"300\" srcset=\"https:\/\/casadesanmartin.com\/wp-content\/uploads\/2018\/01\/visitar16-163x300.jpg 163w, https:\/\/casadesanmartin.com\/wp-content\/uploads\/2018\/01\/visitar16.jpg 200w\" sizes=\"(max-width: 163px) 100vw, 163px\" \/><br \/>\n[\/et_pb_text][et_pb_text admin_label=&#8221;vegetacion&#8221; _builder_version=&#8221;4.16&#8243; global_colors_info=&#8221;{}&#8221;]<strong>LA VEGETACI\u00d3N<\/strong><\/p>\n<p>La vegetaci\u00f3n depende del clima, con lo que tiene una distribuci\u00f3n muy af\u00edn a \u00e9l. En Sobrarbe, las mayores diferencias clim\u00e1ticas se deben al aumento de altitud que provoca una disminuci\u00f3n de la temperatura media y un aumento de la humedad y las precipitaciones en forma de lluvia o nieve, y muchas veces el aumento de viento. La exposici\u00f3n en las laderas solanas de las monta\u00f1as tambi\u00e9n determina fuertes diferencias en la vegetaci\u00f3n.<\/p>\n<p><img loading=\"lazy\" decoding=\"async\" class=\"alignnone wp-image-182 size-medium\" src=\"https:\/\/casadesanmartin.com\/wp-content\/uploads\/2018\/01\/visitar17-197x300.jpg\" alt=\"\" width=\"197\" height=\"300\" srcset=\"https:\/\/casadesanmartin.com\/wp-content\/uploads\/2018\/01\/visitar17-197x300.jpg 197w, https:\/\/casadesanmartin.com\/wp-content\/uploads\/2018\/01\/visitar17.jpg 200w\" sizes=\"(max-width: 197px) 100vw, 197px\" \/><br \/>\n[\/et_pb_text][et_pb_text admin_label=&#8221;casa aragonesa&#8221; _builder_version=&#8221;4.16&#8243; global_colors_info=&#8221;{}&#8221;]<strong>LA CASA ARAGONESA<\/strong><\/p>\n<p>Seg\u00fan las leyes tradicionales de Arag\u00f3n, la casa la pueden heredar tanto los hijos como las hijas, pero era muy frecuente que la herencia fuera al primog\u00e9nito var\u00f3n.<\/p>\n<p><img loading=\"lazy\" decoding=\"async\" class=\"alignnone wp-image-184 size-medium\" src=\"https:\/\/casadesanmartin.com\/wp-content\/uploads\/2018\/01\/visitar18-300x140.jpg\" alt=\"\" width=\"300\" height=\"140\" srcset=\"https:\/\/casadesanmartin.com\/wp-content\/uploads\/2018\/01\/visitar18-300x140.jpg 300w, https:\/\/casadesanmartin.com\/wp-content\/uploads\/2018\/01\/visitar18.jpg 400w\" sizes=\"(max-width: 300px) 100vw, 300px\" \/><br \/>\n[\/et_pb_text][et_pb_text admin_label=&#8221;arte&#8221; _builder_version=&#8221;4.16&#8243; global_colors_info=&#8221;{}&#8221;]<strong>ARTE LOMBARDO<\/strong><\/p>\n<p>El nombre viene de su lugar de procedencia, Lombardia (Italia). Desde all\u00ed lleg\u00f3 hasta nosotros, primero al Pirineo Catal\u00e1n (un ejemplo muy claro es la iglesia de Tah\u00fcll) hasta llegar al Pirineo Aragon\u00e9s.<br \/>\n[\/et_pb_text][et_pb_text admin_label=&#8221;misa diablo&#8221; _builder_version=&#8221;4.16&#8243; global_colors_info=&#8221;{}&#8221;]<strong>LA MISA POR EL DIABLO<br \/>\n<\/strong>La leyenda cuenta c\u00f3mo el Bar\u00f3n Artal de Mur convenci\u00f3 al mos\u00e9n de A\u00ednsa para que una vez al a\u00f1o celebrara una misa en honor al diablo.<br \/>\n[\/et_pb_text][et_pb_text admin_label=&#8221;gastronomia&#8221; _builder_version=&#8221;4.16&#8243; global_colors_info=&#8221;{}&#8221;]<strong>GASTRONOMIA<\/strong><\/p>\n<p>Sobrarbe tiene una gastronom\u00eda t\u00edpica y sobria, que tiene similitudes con el resto del Pirineo y Arag\u00f3n. Uno de los platos t\u00edpicos y conocidos en esta comarca son las chiretas. Son tripas de cordero cosidas y rellenas de arroz con carne, condimentado con perejil y ajo.<\/p>\n<p><img loading=\"lazy\" decoding=\"async\" class=\"alignnone wp-image-187 size-medium\" src=\"https:\/\/casadesanmartin.com\/wp-content\/uploads\/2018\/01\/visitar22-300x200.jpg\" alt=\"\" width=\"300\" height=\"200\" srcset=\"https:\/\/casadesanmartin.com\/wp-content\/uploads\/2018\/01\/visitar22-300x200.jpg 300w, https:\/\/casadesanmartin.com\/wp-content\/uploads\/2018\/01\/visitar22.jpg 400w\" sizes=\"(max-width: 300px) 100vw, 300px\" \/><br \/>\n[\/et_pb_text][\/et_pb_column][\/et_pb_row][\/et_pb_section]<\/p>\n","protected":false},"excerpt":{"rendered":"<p>Actividades | Qu\u00e9 Visitar La Solana posiblemente sea la zona con m\u00e1s concentraci\u00f3n de pueblos deshabitados de Espa\u00f1a.LA SOLANA La Solana es, probablemente, \u00a0la zona con m\u00e1s pueblos deshabitados. Ocupa la margen izquierda del r\u00edo Ara aguas abajo de la Ribera de Fiscal, entre el r\u00edo Ara y el Valle de Vio. Hoy en d\u00eda [&hellip;]<\/p>\n","protected":false},"author":1,"featured_media":0,"parent":0,"menu_order":0,"comment_status":"closed","ping_status":"closed","template":"","meta":{"_et_pb_use_builder":"on","_et_pb_old_content":"<p>Actividades<\/p>","_et_gb_content_width":"","footnotes":""},"class_list":["post-192","page","type-page","status-publish","hentry"],"_links":{"self":[{"href":"https:\/\/casadesanmartin.com\/en\/wp-json\/wp\/v2\/pages\/192","targetHints":{"allow":["GET"]}}],"collection":[{"href":"https:\/\/casadesanmartin.com\/en\/wp-json\/wp\/v2\/pages"}],"about":[{"href":"https:\/\/casadesanmartin.com\/en\/wp-json\/wp\/v2\/types\/page"}],"author":[{"embeddable":true,"href":"https:\/\/casadesanmartin.com\/en\/wp-json\/wp\/v2\/users\/1"}],"replies":[{"embeddable":true,"href":"https:\/\/casadesanmartin.com\/en\/wp-json\/wp\/v2\/comments?post=192"}],"version-history":[{"count":1,"href":"https:\/\/casadesanmartin.com\/en\/wp-json\/wp\/v2\/pages\/192\/revisions"}],"predecessor-version":[{"id":4925,"href":"https:\/\/casadesanmartin.com\/en\/wp-json\/wp\/v2\/pages\/192\/revisions\/4925"}],"wp:attachment":[{"href":"https:\/\/casadesanmartin.com\/en\/wp-json\/wp\/v2\/media?parent=192"}],"curies":[{"name":"wp","href":"https:\/\/api.w.org\/{rel}","templated":true}]}}