{"id":250,"date":"2018-01-12T16:42:00","date_gmt":"2018-01-12T16:42:00","guid":{"rendered":"http:\/\/www.casadesanmartin.com\/web\/galeria\/"},"modified":"2022-03-15T16:37:07","modified_gmt":"2022-03-15T15:37:07","slug":"galeria","status":"publish","type":"page","link":"https:\/\/casadesanmartin.com\/en\/galeria\/","title":{"rendered":"Galer\u00eda"},"content":{"rendered":"<p>[et_pb_section fb_built=&#8221;1&#8243; _builder_version=&#8221;3.22&#8243; collapsed=&#8221;off&#8221; global_colors_info=&#8221;{}&#8221;][et_pb_row _builder_version=&#8221;3.25&#8243; background_size=&#8221;initial&#8221; background_position=&#8221;top_left&#8221; background_repeat=&#8221;repeat&#8221; global_colors_info=&#8221;{}&#8221;][et_pb_column type=&#8221;4_4&#8243; _builder_version=&#8221;3.25&#8243; custom_padding=&#8221;|||&#8221; global_colors_info=&#8221;{}&#8221; custom_padding__hover=&#8221;|||&#8221;][et_pb_text _builder_version=&#8221;4.9.4&#8243; _module_preset=&#8221;default&#8221; global_colors_info=&#8221;{}&#8221;]<\/p>\n<p style=\"text-align: center;\" data-mce-style=\"text-align: center;\"><strong>GALER\u00cdA FOTOGR\u00c1FICA HOTEL<\/strong><\/p>\n<p>[\/et_pb_text][\/et_pb_column][\/et_pb_row][et_pb_row _builder_version=&#8221;4.9.4&#8243; _module_preset=&#8221;default&#8221; global_colors_info=&#8221;{}&#8221;][et_pb_column type=&#8221;4_4&#8243; _builder_version=&#8221;4.9.4&#8243; _module_preset=&#8221;default&#8221; global_colors_info=&#8221;{}&#8221;][et_pb_text _builder_version=&#8221;4.9.4&#8243; _module_preset=&#8221;default&#8221; global_colors_info=&#8221;{}&#8221;]<\/p>\n<div class=\"foogallery-tinymce-view mceNonEditable foogallery-tinymce-databound\" data-foogallery=\"%5Bfoogallery%20id%3D%22246%22%5D\" contenteditable=\"false\" data-mce-resize=\"false\" data-mce-placeholder=\"1\" data-foogallery-id=\"246\">\n<div class=\"foogallery-tinymce-toolbar\"><a class=\"dashicons dashicons-edit foogallery-tinymce-toolbar-edit\" href=\"post.php?post=246&amp;action=edit\" target=\"_blank\" rel=\"noopener\" data-mce-href=\"post.php?post=246&amp;action=edit\">&nbsp;<\/a><\/p>\n<div class=\"dashicons dashicons-no-alt foogallery-tinymce-toolbar-delete\"><\/div>\n<\/div>\n<div class=\"foogallery-pile\">\n<div class=\"foogallery-pile-inner\"><img decoding=\"async\" src=\"https:\/\/casadesanmartin.com\/wp-content\/uploads\/2018\/01\/slide_hotel-001-150x150.jpg\"><\/div>\n<\/div>\n<div class=\"foogallery-tinymce-title\">Hotel<\/div>\n<div class=\"foogallery-tinymce-count\">10 im\u00e1genes<\/div>\n<\/div>\n<p>[\/et_pb_text][et_pb_text _builder_version=&#8221;4.9.4&#8243; _module_preset=&#8221;default&#8221; global_colors_info=&#8221;{}&#8221;]<\/p>\n<p style=\"text-align: center;\" data-mce-style=\"text-align: center;\"><strong>GALER\u00cdA FOTOGR\u00c1FICA HABITACIONES<\/strong><\/p>\n<div class=\"foogallery-tinymce-view mceNonEditable foogallery-tinymce-databound\" data-foogallery=\"%5Bfoogallery%20id%3D%22252%22%5D\" contenteditable=\"false\" data-mce-resize=\"false\" data-mce-placeholder=\"1\" data-foogallery-id=\"252\">\n<div class=\"foogallery-tinymce-toolbar\"><a class=\"dashicons dashicons-edit foogallery-tinymce-toolbar-edit\" href=\"post.php?post=252&amp;action=edit\" target=\"_blank\" rel=\"noopener\" data-mce-href=\"post.php?post=252&amp;action=edit\">&nbsp;<\/a><\/p>\n<div class=\"dashicons dashicons-no-alt foogallery-tinymce-toolbar-delete\"><\/div>\n<\/div>\n<div class=\"foogallery-pile\">\n<div class=\"foogallery-pile-inner\"><img decoding=\"async\" src=\"https:\/\/casadesanmartin.com\/wp-content\/uploads\/2018\/01\/slide_hab-004-150x150.jpg\"><\/div>\n<\/div>\n<div class=\"foogallery-tinymce-title\">Habitaciones<\/div>\n<div class=\"foogallery-tinymce-count\">6 im\u00e1genes<\/div>\n<\/div>\n<p>[\/et_pb_text][et_pb_text _builder_version=&#8221;4.9.4&#8243; _module_preset=&#8221;default&#8221; global_colors_info=&#8221;{}&#8221;]<\/p>\n<p style=\"text-align: center;\" data-mce-style=\"text-align: center;\"><strong>GALER\u00cdA FOTOGR\u00c1FICA RESTAURANTE<\/strong><\/p>\n<div class=\"foogallery-tinymce-view mceNonEditable foogallery-tinymce-databound\" data-foogallery=\"%5Bfoogallery%20id%3D%22257%22%5D\" contenteditable=\"false\" data-mce-resize=\"false\" data-mce-placeholder=\"1\" data-foogallery-id=\"257\">\n<div class=\"foogallery-tinymce-toolbar\"><a class=\"dashicons dashicons-edit foogallery-tinymce-toolbar-edit\" href=\"post.php?post=257&amp;action=edit\" target=\"_blank\" rel=\"noopener\" data-mce-href=\"post.php?post=257&amp;action=edit\">&nbsp;<\/a><\/p>\n<div class=\"dashicons dashicons-no-alt foogallery-tinymce-toolbar-delete\"><\/div>\n<\/div>\n<div class=\"foogallery-pile\">\n<div class=\"foogallery-pile-inner\"><img decoding=\"async\" src=\"https:\/\/casadesanmartin.com\/wp-content\/uploads\/2018\/01\/slide_rest001-150x150.jpg\"><\/div>\n<\/div>\n<div class=\"foogallery-tinymce-title\">Restaurante<\/div>\n<div class=\"foogallery-tinymce-count\">6 im\u00e1genes<\/div>\n<\/div>\n<p>[\/et_pb_text][et_pb_text _builder_version=&#8221;4.9.4&#8243; _module_preset=&#8221;default&#8221; global_colors_info=&#8221;{}&#8221;]<\/p>\n<p style=\"text-align: center;\" data-mce-style=\"text-align: center;\"><strong>GALER\u00cdA FOTOGR\u00c1FICA PRENSA<\/strong><\/p>\n<div class=\"foogallery-tinymce-view mceNonEditable foogallery-tinymce-databound\" data-foogallery=\"%5Bfoogallery%20id%3D%22243%22%5D\" contenteditable=\"false\" data-mce-resize=\"false\" data-mce-placeholder=\"1\" data-foogallery-id=\"243\">\n<div class=\"foogallery-tinymce-toolbar\"><a class=\"dashicons dashicons-edit foogallery-tinymce-toolbar-edit\" href=\"post.php?post=243&amp;action=edit\" target=\"_blank\" rel=\"noopener\" data-mce-href=\"post.php?post=243&amp;action=edit\">&nbsp;<\/a><\/p>\n<div class=\"dashicons dashicons-no-alt foogallery-tinymce-toolbar-delete\"><\/div>\n<\/div>\n<div class=\"foogallery-pile\">\n<div class=\"foogallery-pile-inner\"><img decoding=\"async\" src=\"https:\/\/casadesanmartin.com\/wp-content\/uploads\/2018\/01\/R00002-150x150.jpg\"><\/div>\n<\/div>\n<div class=\"foogallery-tinymce-title\">Prensa<\/div>\n<div class=\"foogallery-tinymce-count\">8 im\u00e1genes<\/div>\n<\/div>\n<p>[\/et_pb_text][\/et_pb_column][\/et_pb_row][\/et_pb_section]<\/p>\n","protected":false},"excerpt":{"rendered":"<p>GALER\u00cdA FOTOGR\u00c1FICA HOTEL&nbsp;Hotel10 im\u00e1genesGALER\u00cdA FOTOGR\u00c1FICA HABITACIONES&nbsp;Habitaciones6 im\u00e1genesGALER\u00cdA FOTOGR\u00c1FICA RESTAURANTE&nbsp;Restaurante6 im\u00e1genesGALER\u00cdA FOTOGR\u00c1FICA PRENSA&nbsp;Prensa8 im\u00e1genes<\/p>\n","protected":false},"author":1,"featured_media":0,"parent":0,"menu_order":0,"comment_status":"closed","ping_status":"closed","template":"","meta":{"_et_pb_use_builder":"on","_et_pb_old_content":"<h1>Galer\u00eda<\/h1><div id=\"container\"><div id=\"nav\"><h2 align=\"left\"><br><\/h2><\/div><\/div>","_et_gb_content_width":"","footnotes":""},"class_list":["post-250","page","type-page","status-publish","hentry"],"_links":{"self":[{"href":"https:\/\/casadesanmartin.com\/en\/wp-json\/wp\/v2\/pages\/250","targetHints":{"allow":["GET"]}}],"collection":[{"href":"https:\/\/casadesanmartin.com\/en\/wp-json\/wp\/v2\/pages"}],"about":[{"href":"https:\/\/casadesanmartin.com\/en\/wp-json\/wp\/v2\/types\/page"}],"author":[{"embeddable":true,"href":"https:\/\/casadesanmartin.com\/en\/wp-json\/wp\/v2\/users\/1"}],"replies":[{"embeddable":true,"href":"https:\/\/casadesanmartin.com\/en\/wp-json\/wp\/v2\/comments?post=250"}],"version-history":[{"count":0,"href":"https:\/\/casadesanmartin.com\/en\/wp-json\/wp\/v2\/pages\/250\/revisions"}],"wp:attachment":[{"href":"https:\/\/casadesanmartin.com\/en\/wp-json\/wp\/v2\/media?parent=250"}],"curies":[{"name":"wp","href":"https:\/\/api.w.org\/{rel}","templated":true}]}}