{"id":88,"date":"2018-01-12T16:38:47","date_gmt":"2018-01-12T16:38:47","guid":{"rendered":"http:\/\/www.casadesanmartin.com\/web\/trilogia-pirenaica\/"},"modified":"2023-04-14T16:18:06","modified_gmt":"2023-04-14T14:18:06","slug":"pyrenean-trilogy","status":"publish","type":"page","link":"https:\/\/casadesanmartin.com\/en\/pyrenean-trilogy\/","title":{"rendered":"Pyrenean Trilogy"},"content":{"rendered":"<p>[et_pb_section fb_built=&#8221;1&#8243; _builder_version=&#8221;4.16&#8243; global_colors_info=&#8221;{}&#8221;][et_pb_row _builder_version=&#8221;4.16&#8243; background_size=&#8221;initial&#8221; background_position=&#8221;top_left&#8221; background_repeat=&#8221;repeat&#8221; global_colors_info=&#8221;{}&#8221;][et_pb_column type=&#8221;4_4&#8243; _builder_version=&#8221;4.16&#8243; custom_padding=&#8221;|||&#8221; global_colors_info=&#8221;{}&#8221; custom_padding__hover=&#8221;|||&#8221;][et_pb_slider _builder_version=&#8221;4.16&#8243; box_shadow_style=&#8221;preset6&#8243; box_shadow_blur=&#8221;10px&#8221; box_shadow_color=&#8221;rgba(0,0,0,0.1)&#8221; show_inner_shadow=&#8221;on&#8221; global_colors_info=&#8221;{}&#8221; button_text_size__hover_enabled=&#8221;off&#8221; button_one_text_size__hover_enabled=&#8221;off&#8221; button_two_text_size__hover_enabled=&#8221;off&#8221; button_text_color__hover_enabled=&#8221;off&#8221; button_one_text_color__hover_enabled=&#8221;off&#8221; button_two_text_color__hover_enabled=&#8221;off&#8221; button_border_width__hover_enabled=&#8221;off&#8221; button_one_border_width__hover_enabled=&#8221;off&#8221; button_two_border_width__hover_enabled=&#8221;off&#8221; button_border_color__hover_enabled=&#8221;off&#8221; button_one_border_color__hover_enabled=&#8221;off&#8221; button_two_border_color__hover_enabled=&#8221;off&#8221; button_border_radius__hover_enabled=&#8221;off&#8221; button_one_border_radius__hover_enabled=&#8221;off&#8221; button_two_border_radius__hover_enabled=&#8221;off&#8221; button_letter_spacing__hover_enabled=&#8221;off&#8221; button_one_letter_spacing__hover_enabled=&#8221;off&#8221; button_two_letter_spacing__hover_enabled=&#8221;off&#8221; button_bg_color__hover_enabled=&#8221;off&#8221; button_one_bg_color__hover_enabled=&#8221;off&#8221; button_two_bg_color__hover_enabled=&#8221;off&#8221;][et_pb_slide use_bg_overlay=&#8221;off&#8221; use_text_overlay=&#8221;off&#8221; _builder_version=&#8221;4.16&#8243; background_color=&#8221;#ffffff&#8221; background_image=&#8221;http:\/\/www.casadesanmartin.com\/web\/wp-content\/uploads\/2018\/01\/galtrilogia.jpg&#8221; global_colors_info=&#8221;{}&#8221; button_text_size__hover_enabled=&#8221;off&#8221; button_one_text_size__hover_enabled=&#8221;off&#8221; button_two_text_size__hover_enabled=&#8221;off&#8221; button_text_color__hover_enabled=&#8221;off&#8221; button_one_text_color__hover_enabled=&#8221;off&#8221; button_two_text_color__hover_enabled=&#8221;off&#8221; button_border_width__hover_enabled=&#8221;off&#8221; button_one_border_width__hover_enabled=&#8221;off&#8221; button_two_border_width__hover_enabled=&#8221;off&#8221; button_border_color__hover_enabled=&#8221;off&#8221; button_one_border_color__hover_enabled=&#8221;off&#8221; button_two_border_color__hover_enabled=&#8221;off&#8221; button_border_radius__hover_enabled=&#8221;off&#8221; button_one_border_radius__hover_enabled=&#8221;off&#8221; button_two_border_radius__hover_enabled=&#8221;off&#8221; button_letter_spacing__hover_enabled=&#8221;off&#8221; button_one_letter_spacing__hover_enabled=&#8221;off&#8221; button_two_letter_spacing__hover_enabled=&#8221;off&#8221; button_bg_color__hover_enabled=&#8221;off&#8221; button_one_bg_color__hover_enabled=&#8221;off&#8221; button_two_bg_color__hover_enabled=&#8221;off&#8221; sticky_transition=&#8221;on&#8221;][\/et_pb_slide][\/et_pb_slider][et_pb_text _builder_version=&#8221;4.20.4&#8243; hover_enabled=&#8221;0&#8243; global_colors_info=&#8221;{}&#8221; sticky_enabled=&#8221;0&#8243;]<\/p>\n<h1>Pyrenean trilogy<\/h1>\n<p><strong>The most appealing proposal to enjoy three of the best hotels of the ARAGONESE PYRENEES.<\/strong><\/p>\n<p>Come and discover these three emblematic Pyrenean regions while staying at our hotels, located at:<\/p>\n<ul>\n<li><b>\u00a0La Ribagorza (El Acebo de Casa Muria)<\/b><\/li>\n<li><b>El Sobrarbe (Casa de San Mart\u00edn)<\/b><\/li>\n<li><b>La Jacetania (Barosse).<\/b><\/li>\n<\/ul>\n<p>The three hotels being Rusticae\u2019s seal of quality guaranteed establishments, stand out for providing a unique and personalized service to their guests, each of them featuring its own personality and peculiarities.<\/p>\n<p>Get your pass for the <b>PYRENEAN TRILOGY<\/b> in any of our establishments and go all over the Aragonese Pyrenees through the Pyrenean Axis, along the legendary National road 260.<\/p>\n<p>Enjoy your stay within a year as of purchase date of your pass, whenever is most convenient for you. A great opportunity to experience wonderful mountain trails, landscapes and outdoor activities we have organized for you.<\/p>\n<p><a href=\"https:\/\/casadesanmartin.com\/wp-content\/uploads\/2023\/04\/TP-2023-INTRO.pdf\" target=\"_blank\" rel=\"noopener\"><img loading=\"lazy\" decoding=\"async\" class=\"aligncenter wp-image-80 size-full\" src=\"https:\/\/casadesanmartin.com\/wp-content\/uploads\/2018\/01\/descargar-pdf.jpg\" alt=\"\" width=\"210\" height=\"83\" \/><\/a><\/p>\n<h2>Conditions of sale:<\/h2>\n<ol>\n<li>The Pass \u201cthe Pyrenean Trilogy\u201d should be purchased in any of our establishments. Contact any of the three hotels to get it and you will be informed on how to activate the pass.<\/li>\n<li>The price for the Pass is 850 Euros (10% Tax Included).<\/li>\n<li>&#8211; Services included in the Pass:\n<ol>\n<li>A two-night stay in each of the three hotels, on a bed &amp; breakfast and standard double room basis. The stay in each hotel should be two consecutive nights. However, the reservation made in one hotel does not need to be consecutive with respect to the bookings in the other two hotels. The dates of the bookings should be within one year as of the purchase date of the Pass.\n<p>Welcome gift, courtesy of each hotel: a bottle of Enate, old vine 2009 vintage \u2013 exclusive edition for the Pyrenean Trilogy.<\/p>\n<\/li>\n<\/ol>\n<\/li>\n<li>Pass cannot be cancelled. Reservations should be made directly with each hotel and will be subject to the cancellation policy of each establishment.<\/li>\n<\/ol>\n<p>[\/et_pb_text][\/et_pb_column][\/et_pb_row][\/et_pb_section]<\/p>\n","protected":false},"excerpt":{"rendered":"<p>Pyrenean trilogy The most appealing proposal to enjoy three of the best hotels of the ARAGONESE PYRENEES. Come and discover these three emblematic Pyrenean regions while staying at our hotels, located at: \u00a0La Ribagorza (El Acebo de Casa Muria) El Sobrarbe (Casa de San Mart\u00edn) La Jacetania (Barosse). The three hotels being Rusticae\u2019s seal of [&hellip;]<\/p>\n","protected":false},"author":1,"featured_media":0,"parent":0,"menu_order":0,"comment_status":"closed","ping_status":"closed","template":"","meta":{"_et_pb_use_builder":"on","_et_pb_old_content":"<h3>\u00a0<\/h3><h3>La f\u00f3rmula m\u00e1s atractiva de disfrutar de tres de los mejores hoteles del PIRINEO ARAGON\u00c9S.<\/h3><p>Conozca estas tres emblem\u00e1ticas Comarcas Piren\u00e1icas, tomando como base nuestros establecimientos ubicados en:<\/p><p><b>La Ribagorza (El Acebo de Casa Muria)<br \/> El Sobrarbe (Casa de San Mart\u00edn)<br \/> La Jacetania (Barosse).<\/b><\/p><p>Establecimientos avalados por el sello de calidad de RUSTICAE, que se caracteriza ante todo por una atenci\u00f3n al hu\u00e9sped \u00fanica y personalizada, cada uno de ellos con sus peculiaridades y fortalezas.<\/p><p>Adquiera el bono de la\u00a0<b>TRILOG\u00cdA PIRENAICA\u00a0<\/b>en cualquiera de nuestros establecimientos y recorra el fant\u00e1stico Pirineo Aragon\u00e9s a trav\u00e9s del Eje Pirenaico, siguiendo la m\u00edtica carretera Nacional 260.<\/p><p>Disfrute de su estancia cuando usted elija. Tendr\u00e1 todo un a\u00f1o para elegir cu\u00e1ndo y d\u00f3nde alojarse y disfrutar de las maravillosas rutas, paisajes y actividades al aire libre que tenemos organizadas para usted.<\/p><p style=\"text-align: center;\"><a href=\"http:\/\/www.casadesanmartin.com\/images\/dipticoTP_dic.pdf\" target=\"_blank\" rel=\"noopener\"><img src=\"http:\/\/www.casadesanmartin.com\/images\/descargar-pdf.jpg\" \/><\/a><\/p><h3>Condiciones de venta:<\/h3><ol><li style=\"list-style-type: none;\"><ol><li>- Para adquirir el Bono de la Trilog\u00eda Pirenaica, deber\u00e1 contactar directamente con cualquiera de los tres establecimientos, donde le indicar\u00e1n como activar su bono.<\/li><li>- El Bono tiene un precio de 750 Euros (IVA incluido)<\/li><li>- Incluye:<ul><li>Dos noches en cada establecimiento, en r\u00e9gimen de alojamiento y desayuno, ocupando habitaci\u00f3n doble estandar. Las dos noches a disfrutar en cada hotel deberan ser consecutivas. El cliente puede reservar cada hotel en fechas diferentes a lo largo del plazo de validez del bono -un a\u00f1o desde la fecha de compra.<\/li><li>Detalle por parte de cada hotel de una botella de Enate \"Crianza 2009\" -edici\u00f3n exclusiva para la experiencia de la Trilog\u00eda Pirena\u00edca-<\/li><\/ul><\/li><li>- No se admite cancelaci\u00f3n del bono. Las fechas se gestionar\u00e1n directamente con cada hotel, y se acoger\u00e1n a la pol\u00edtica de cambios o cancelaci\u00f3n de cada uno de los establecimientos.<\/li><\/ol><\/li><\/ol>","_et_gb_content_width":"","footnotes":""},"class_list":["post-88","page","type-page","status-publish","hentry"],"_links":{"self":[{"href":"https:\/\/casadesanmartin.com\/en\/wp-json\/wp\/v2\/pages\/88","targetHints":{"allow":["GET"]}}],"collection":[{"href":"https:\/\/casadesanmartin.com\/en\/wp-json\/wp\/v2\/pages"}],"about":[{"href":"https:\/\/casadesanmartin.com\/en\/wp-json\/wp\/v2\/types\/page"}],"author":[{"embeddable":true,"href":"https:\/\/casadesanmartin.com\/en\/wp-json\/wp\/v2\/users\/1"}],"replies":[{"embeddable":true,"href":"https:\/\/casadesanmartin.com\/en\/wp-json\/wp\/v2\/comments?post=88"}],"version-history":[{"count":1,"href":"https:\/\/casadesanmartin.com\/en\/wp-json\/wp\/v2\/pages\/88\/revisions"}],"predecessor-version":[{"id":4086,"href":"https:\/\/casadesanmartin.com\/en\/wp-json\/wp\/v2\/pages\/88\/revisions\/4086"}],"wp:attachment":[{"href":"https:\/\/casadesanmartin.com\/en\/wp-json\/wp\/v2\/media?parent=88"}],"curies":[{"name":"wp","href":"https:\/\/api.w.org\/{rel}","templated":true}]}}